{"id":1404,"date":"2025-02-23T20:28:09","date_gmt":"2025-02-23T19:28:09","guid":{"rendered":"https:\/\/www.rebrent.sk\/?post_type=product&#038;p=1404"},"modified":"2025-02-23T20:42:30","modified_gmt":"2025-02-23T19:42:30","slug":"plynovy-teplogenerator-meva-88-30-kw","status":"publish","type":"product","link":"https:\/\/www.rebrent.sk\/?product=plynovy-teplogenerator-meva-88-30-kw","title":{"rendered":"Plynov\u00fd teplogener\u00e1tor Meva 8,8-30 kW"},"content":{"rendered":"<p>Piezo zapa\u013eovanie, termopoistka, poistka proti prehriatiu, plynul\u00e1 regul\u00e1cia v\u00fdkonu.<\/p>\n<p>Technick\u00e1 \u0161pecifik\u00e1cia:<\/p>\n<p>Tepeln\u00fd v\u00fdkon: 9 -30 kW<br \/>\nVzduchov\u00fd v\u00fdkon (m3\/h): 1100<br \/>\nSpotreba plynu (g\/hod): 645 -2200<br \/>\nHmotnos\u0165: 6,4 kg<br \/>\nV\u00fdhrevnos\u0165: 520 m3<\/p>\n<p>Teplogener\u00e1tor v \u010diernom preveden\u00ed. Piezo zapa\u013eovanie, termopoistka, poistka proti prehriatiu teplogener\u00e1tora,<br \/>\nplynul\u00e1 regul\u00e1cia.<\/p>\n<div class=\"clearfix\"><\/div>\n","protected":false},"excerpt":{"rendered":"<p>Piezo zapa\u013eovanie, termopoistka, poistka proti prehriatiu, plynul\u00e1 regul\u00e1cia v\u00fdkonu. Technick\u00e1 \u0161pecifik\u00e1cia: Tepeln\u00fd v\u00fdkon: 9 -30 kW Vzduchov\u00fd v\u00fdkon (m3\/h): 1100 Spotreba plynu (g\/hod): 645 -2200 Hmotnos\u0165: 6,4 kg V\u00fdhrevnos\u0165: 520 m3 Teplogener\u00e1tor v \u010diernom preveden\u00ed. Piezo zapa\u013eovanie, termopoistka, poistka proti prehriatiu teplogener\u00e1tora, plynul\u00e1 regul\u00e1cia.<\/p>\n","protected":false},"featured_media":1412,"comment_status":"open","ping_status":"closed","template":"","meta":{"_kadence_starter_templates_imported_post":false,"_kad_post_transparent":"default","_kad_post_title":"","_kad_post_layout":"default","_kad_post_sidebar_id":"","_kad_post_content_style":"default","_kad_post_vertical_padding":"default","_kad_post_feature":"","_kad_post_feature_position":"","_kad_post_header":false,"_kad_post_footer":false,"_kad_post_classname":""},"product_brand":[],"product_cat":[27],"product_tag":[],"class_list":{"0":"post-1404","1":"product","2":"type-product","3":"status-publish","4":"has-post-thumbnail","6":"product_cat-mala-mechanizacia","8":"first","9":"instock","10":"shipping-taxable","11":"purchasable","12":"product-type-redq_rental","13":"entry","14":"content-bg","15":"loop-entry"},"_links":{"self":[{"href":"https:\/\/www.rebrent.sk\/index.php?rest_route=\/wp\/v2\/product\/1404","targetHints":{"allow":["GET"]}}],"collection":[{"href":"https:\/\/www.rebrent.sk\/index.php?rest_route=\/wp\/v2\/product"}],"about":[{"href":"https:\/\/www.rebrent.sk\/index.php?rest_route=\/wp\/v2\/types\/product"}],"replies":[{"embeddable":true,"href":"https:\/\/www.rebrent.sk\/index.php?rest_route=%2Fwp%2Fv2%2Fcomments&post=1404"}],"wp:featuredmedia":[{"embeddable":true,"href":"https:\/\/www.rebrent.sk\/index.php?rest_route=\/wp\/v2\/media\/1412"}],"wp:attachment":[{"href":"https:\/\/www.rebrent.sk\/index.php?rest_route=%2Fwp%2Fv2%2Fmedia&parent=1404"}],"wp:term":[{"taxonomy":"product_brand","embeddable":true,"href":"https:\/\/www.rebrent.sk\/index.php?rest_route=%2Fwp%2Fv2%2Fproduct_brand&post=1404"},{"taxonomy":"product_cat","embeddable":true,"href":"https:\/\/www.rebrent.sk\/index.php?rest_route=%2Fwp%2Fv2%2Fproduct_cat&post=1404"},{"taxonomy":"product_tag","embeddable":true,"href":"https:\/\/www.rebrent.sk\/index.php?rest_route=%2Fwp%2Fv2%2Fproduct_tag&post=1404"}],"curies":[{"name":"wp","href":"https:\/\/api.w.org\/{rel}","templated":true}]}}