{"id":1388,"date":"2024-02-22T19:19:14","date_gmt":"2024-02-22T18:19:14","guid":{"rendered":"https:\/\/www.rebrent.sk\/?post_type=product&#038;p=1388"},"modified":"2024-02-22T19:29:24","modified_gmt":"2024-02-22T18:29:24","slug":"vysokotlakovy-cistic-wurth-na-horucu-vodu-200-barov-h4","status":"publish","type":"product","link":"https:\/\/www.rebrent.sk\/?product=vysokotlakovy-cistic-wurth-na-horucu-vodu-200-barov-h4","title":{"rendered":"Vysokotlakov\u00fd \u010disti\u010d Wurth na hor\u00facu vodu 200 barov H4"},"content":{"rendered":"<p>Vysokotlakov\u00fd \u010disti\u010d Wurth na hor\u00facu vodu 200 barov H4<\/p>\n<ul>\n<li>Menovit\u00e9 nap\u00e4tie &#8211; 400V<\/li>\n<li>Pr\u00edkon 6,4 kW<\/li>\n<li>Maxim\u00e1lny tlak 200 barov (mo\u017enos\u0165 regulova\u0165 tlak)<\/li>\n<li>Maxim\u00e1lna teplota vody 140 \u00b0C (mo\u017enos\u0165 regulova\u0165 teplotu vody 30- 140 \u00b0C)<\/li>\n<li>obsahuje bojler v objeme 22 litov<\/li>\n<li>ohrev vody pomocou paliva (nafta)<\/li>\n<li>objem palivovej n\u00e1dr\u017ee 25 l<\/li>\n<li>mo\u017enos\u0165 pridania \u010distiaceho prostriedku<\/li>\n<li>n\u00e1dr\u017e na \u010distiaci prostriedok 22 l<\/li>\n<li>Maxim\u00e1lny dopravn\u00fd objem vody 1000 l\/h<\/li>\n<li>Minim\u00e1lny dopravn\u00fd objem vody 500 l\/h<\/li>\n<li>d\u013a\u017eka hadice 10 m<\/li>\n<li>rozmery (d\u013a\u017eka x \u0161\u00edrka x v\u00fd\u0161ka)\u00a0 110 x 70 x 70 cm<\/li>\n<li>hmotnos\u0165 140 kg<\/li>\n<li>D\u013a\u017eka k\u00e1bla 5 m<\/li>\n<li>\u010disti\u010d je mobiln\u00fd, obsahuje 4 pevn\u00e9 koles\u00e1<\/li>\n<\/ul>\n<p>&nbsp;<\/p>\n","protected":false},"excerpt":{"rendered":"<p>Vysokotlakov\u00fd \u010disti\u010d Wurth na hor\u00facu vodu 200 barov H4 Menovit\u00e9 nap\u00e4tie &#8211; 400V Pr\u00edkon 6,4 kW Maxim\u00e1lny tlak 200 barov (mo\u017enos\u0165 regulova\u0165 tlak) Maxim\u00e1lna teplota vody 140 \u00b0C (mo\u017enos\u0165 regulova\u0165 teplotu vody 30- 140 \u00b0C) obsahuje bojler v objeme 22 litov ohrev vody pomocou paliva (nafta) objem palivovej n\u00e1dr\u017ee 25 l mo\u017enos\u0165 pridania \u010distiaceho prostriedku&#8230;<\/p>\n","protected":false},"featured_media":1390,"comment_status":"open","ping_status":"closed","template":"","meta":{"_kadence_starter_templates_imported_post":false,"_kad_post_transparent":"default","_kad_post_title":"","_kad_post_layout":"default","_kad_post_sidebar_id":"","_kad_post_content_style":"default","_kad_post_vertical_padding":"default","_kad_post_feature":"","_kad_post_feature_position":"","_kad_post_header":false,"_kad_post_footer":false,"_kad_post_classname":""},"product_brand":[],"product_cat":[27],"product_tag":[],"class_list":{"0":"post-1388","1":"product","2":"type-product","3":"status-publish","4":"has-post-thumbnail","6":"product_cat-mala-mechanizacia","8":"first","9":"instock","10":"shipping-taxable","11":"purchasable","12":"product-type-redq_rental","13":"entry","14":"content-bg","15":"loop-entry"},"_links":{"self":[{"href":"https:\/\/www.rebrent.sk\/index.php?rest_route=\/wp\/v2\/product\/1388","targetHints":{"allow":["GET"]}}],"collection":[{"href":"https:\/\/www.rebrent.sk\/index.php?rest_route=\/wp\/v2\/product"}],"about":[{"href":"https:\/\/www.rebrent.sk\/index.php?rest_route=\/wp\/v2\/types\/product"}],"replies":[{"embeddable":true,"href":"https:\/\/www.rebrent.sk\/index.php?rest_route=%2Fwp%2Fv2%2Fcomments&post=1388"}],"wp:featuredmedia":[{"embeddable":true,"href":"https:\/\/www.rebrent.sk\/index.php?rest_route=\/wp\/v2\/media\/1390"}],"wp:attachment":[{"href":"https:\/\/www.rebrent.sk\/index.php?rest_route=%2Fwp%2Fv2%2Fmedia&parent=1388"}],"wp:term":[{"taxonomy":"product_brand","embeddable":true,"href":"https:\/\/www.rebrent.sk\/index.php?rest_route=%2Fwp%2Fv2%2Fproduct_brand&post=1388"},{"taxonomy":"product_cat","embeddable":true,"href":"https:\/\/www.rebrent.sk\/index.php?rest_route=%2Fwp%2Fv2%2Fproduct_cat&post=1388"},{"taxonomy":"product_tag","embeddable":true,"href":"https:\/\/www.rebrent.sk\/index.php?rest_route=%2Fwp%2Fv2%2Fproduct_tag&post=1388"}],"curies":[{"name":"wp","href":"https:\/\/api.w.org\/{rel}","templated":true}]}}