{"id":1384,"date":"2024-01-14T15:19:56","date_gmt":"2024-01-14T14:19:56","guid":{"rendered":"https:\/\/www.rebrent.sk\/?post_type=product&#038;p=1384"},"modified":"2024-01-14T15:19:56","modified_gmt":"2024-01-14T14:19:56","slug":"clipper-rezacka-keramickej-dlazby","status":"publish","type":"product","link":"https:\/\/www.rebrent.sk\/?product=clipper-rezacka-keramickej-dlazby","title":{"rendered":"CLIPPER reza\u010dka keramickej dla\u017eby"},"content":{"rendered":"<p>\u013dahk\u00e1 profesion\u00e1lna p\u00edla pre obklada\u010dov so sklopn\u00fdmi nohami a motorom o v\u00fdkone 900W. Nakl\u00e1pacia rezn\u00e1 hlava umo\u017e\u0148uje rez obkladov pod uhlom 0-45\u00b0. Ide\u00e1lna na rezanie obkladov do 650 mm.<\/p>\n<p>V\u00fdkonn\u00fd profesion\u00e1lny stroj s motorom 900W.<\/p>\n<p>Vylep\u0161en\u00e1 ergon\u00f3mia<\/p>\n<p>Skladac\u00ed stojan a transportn\u00e9 koliesk\u00e1 a u\u013eah\u010duj\u00fa transport<\/p>\n<p>Nakl\u00e1pacia rezn\u00e1 hlava umo\u017e\u0148uje pohodln\u00e9 rezanie pod uhlom.<\/p>\n<p>V\u00fdsuvn\u00e1 plastov\u00e1 va\u0148a s v\u00fdpustn\u00fdm otvorom ur\u00fdch\u013euje \u010distenie stroja.<\/p>\n<p>\u010cerpadlo chr\u00e1nen\u00e9 pred hrub\u00fdmi \u010dasticami predl\u017euje jeho \u017eivotnos\u0165.<\/p>\n<p>R\u00fdchle a presn\u00e9 nastavenie pravitiek.<\/p>\n<p>Kompaktn\u00e1, \u013eahko prenosn\u00e1 p\u00edla.<\/p>\n<p>Technick\u00e9 parametre:<\/p>\n<ul>\n<li>Priemer kot\u00fa\u010da \u2014 200 x 25, mm<\/li>\n<li>Max. h\u013abka rezu \u2014 90\u00b0\/45\u00b0 \u2014 35 \/ 25 mm<\/li>\n<li>Max. d\u013a\u017eka rezu \u2014 650 mm<\/li>\n<li>Elektromotor \u2014 230 V \u2014 900 W<\/li>\n<li>Poistka \u2014 16 A<\/li>\n<li>Nakl\u00e1panie hlavy \u2014 0 \u2013 45 \u00b0<\/li>\n<li>Ve\u013ekos\u0165 stolu \u2014 810 x 470 mm<\/li>\n<li>Ot\u00e1\u010dky n\u00e1stroja \u2014 2950 \u2014 1\/min<\/li>\n<li>Hladina akustick\u00e9ho v\u00fdkonu\/tlaku \u2014 80 \/ 72 dB (A)<\/li>\n<li>Rozmery (d\u013a\u017eka\/\u0161\u00edrka\/v\u00fd\u0161ka) \u2014 930 \/470\/1200 mm<\/li>\n<li>Rozmery sklopenej nohy (d\u013a\u017eka\/\u0161\u00edrka\/v\u00fd\u0161ka) \u2014 930 \/470\/400 mm<\/li>\n<li>Hmotnos\u0165 \u2014 35 kg<\/li>\n<\/ul>\n","protected":false},"excerpt":{"rendered":"<p>\u013dahk\u00e1 profesion\u00e1lna p\u00edla pre obklada\u010dov so sklopn\u00fdmi nohami a motorom o v\u00fdkone 900W. Nakl\u00e1pacia rezn\u00e1 hlava umo\u017e\u0148uje rez obkladov pod uhlom 0-45\u00b0. Ide\u00e1lna na rezanie obkladov do 650 mm. V\u00fdkonn\u00fd profesion\u00e1lny stroj s motorom 900W. Vylep\u0161en\u00e1 ergon\u00f3mia Skladac\u00ed stojan a transportn\u00e9 koliesk\u00e1 a u\u013eah\u010duj\u00fa transport Nakl\u00e1pacia rezn\u00e1 hlava umo\u017e\u0148uje pohodln\u00e9 rezanie pod uhlom. V\u00fdsuvn\u00e1 plastov\u00e1&#8230;<\/p>\n","protected":false},"featured_media":1382,"comment_status":"open","ping_status":"closed","template":"","meta":{"_kadence_starter_templates_imported_post":false,"_kad_post_transparent":"default","_kad_post_title":"","_kad_post_layout":"default","_kad_post_sidebar_id":"","_kad_post_content_style":"default","_kad_post_vertical_padding":"default","_kad_post_feature":"","_kad_post_feature_position":"","_kad_post_header":false,"_kad_post_footer":false,"_kad_post_classname":""},"product_brand":[],"product_cat":[27],"product_tag":[],"class_list":{"0":"post-1384","1":"product","2":"type-product","3":"status-publish","4":"has-post-thumbnail","6":"product_cat-mala-mechanizacia","8":"first","9":"instock","10":"shipping-taxable","11":"purchasable","12":"product-type-redq_rental","13":"entry","14":"content-bg","15":"loop-entry"},"_links":{"self":[{"href":"https:\/\/www.rebrent.sk\/index.php?rest_route=\/wp\/v2\/product\/1384","targetHints":{"allow":["GET"]}}],"collection":[{"href":"https:\/\/www.rebrent.sk\/index.php?rest_route=\/wp\/v2\/product"}],"about":[{"href":"https:\/\/www.rebrent.sk\/index.php?rest_route=\/wp\/v2\/types\/product"}],"replies":[{"embeddable":true,"href":"https:\/\/www.rebrent.sk\/index.php?rest_route=%2Fwp%2Fv2%2Fcomments&post=1384"}],"wp:featuredmedia":[{"embeddable":true,"href":"https:\/\/www.rebrent.sk\/index.php?rest_route=\/wp\/v2\/media\/1382"}],"wp:attachment":[{"href":"https:\/\/www.rebrent.sk\/index.php?rest_route=%2Fwp%2Fv2%2Fmedia&parent=1384"}],"wp:term":[{"taxonomy":"product_brand","embeddable":true,"href":"https:\/\/www.rebrent.sk\/index.php?rest_route=%2Fwp%2Fv2%2Fproduct_brand&post=1384"},{"taxonomy":"product_cat","embeddable":true,"href":"https:\/\/www.rebrent.sk\/index.php?rest_route=%2Fwp%2Fv2%2Fproduct_cat&post=1384"},{"taxonomy":"product_tag","embeddable":true,"href":"https:\/\/www.rebrent.sk\/index.php?rest_route=%2Fwp%2Fv2%2Fproduct_tag&post=1384"}],"curies":[{"name":"wp","href":"https:\/\/api.w.org\/{rel}","templated":true}]}}