{"id":1376,"date":"2024-01-14T15:12:03","date_gmt":"2024-01-14T14:12:03","guid":{"rendered":"https:\/\/www.rebrent.sk\/?post_type=product&#038;p=1376"},"modified":"2024-02-22T19:22:34","modified_gmt":"2024-02-22T18:22:34","slug":"cedima-rezacka-zamkovej-dlazby-a-betonu","status":"publish","type":"product","link":"https:\/\/www.rebrent.sk\/?product=cedima-rezacka-zamkovej-dlazby-a-betonu","title":{"rendered":"CEDIMA reza\u010dka z\u00e1mkovej dla\u017eby a bet\u00f3nu"},"content":{"rendered":"<p>Profesion\u00e1lna nemeck\u00e1 stolov\u00e1 p\u00edla na r\u00fdchle a presn\u00e9 rezanie teh\u00e1l, klinkeru, pr\u00edrodn\u00e9ho kame\u0148a, bet\u00f3novej dla\u017eby a podobn\u00fdch pr\u00edrodn\u00fdch materi\u00e1lov. Plynule nastavite\u013en\u00e9 v\u00fdkyvn\u00e9 rezn\u00e9 rameno a \u00fa\u010dinn\u00fd motor. Vo\u013ene pohybliv\u00fd pozinkovan\u00fd st\u00f4l na kovov\u00fdch val\u010dekoch. Kryt fr\u00e9zy umo\u017e\u0148uje in\u0161tal\u00e1ciu kot\u00fa\u010da s priemerom 400 mm, \u010do umo\u017e\u0148uje h\u013abku rezu a\u017e 130 mm. Reza\u010dka disponuje vodn\u00fdm \u010derpadlom, ktor\u00e9 dod\u00e1va vodu kot\u00fa\u010da a t\u00fdm zni\u017euje pra\u0161nos\u0165 pr\u00e1ce na minimum.<\/p>\n<p>V\u00fdhody produktu:<\/p>\n<ul>\n<li>Skladacie nohy<\/li>\n<li>Prepravn\u00e9 kolieska na noh\u00e1ch<\/li>\n<li>Jednoduch\u00e1 manipul\u00e1cia<\/li>\n<li>Vysok\u00e1 stabilita stola<\/li>\n<li>jednoduch\u00e9 a pohodln\u00e9 \u010distenie<\/li>\n<\/ul>\n<p>Technick\u00e9 parametre:<\/p>\n<ul>\n<li>Maxim\u00e1lna h\u013abka rezu 130 mm<\/li>\n<li>Maxim\u00e1lna d\u013a\u017eka rezu 600 mm<\/li>\n<li>Maxim\u00e1lny priemer kot\u00fa\u010da 400 mm<\/li>\n<li>Mont\u00e1\u017eny otvor disku 25,4 mm<\/li>\n<li>R\u00fdchlos\u0165 ot\u00e1\u010dok rezacieho hriade\u013ea 2770 ot\u00e1\u010dok za min\u00fatu<\/li>\n<li>Hnac\u00ed motor 2,2 kW, 230 V, 50 Hz, 12 A<\/li>\n<li>Druh krytia IP54<\/li>\n<li>kapacita vani\u010dky 25 litrov<\/li>\n<li>Rozmery d\u013a\u017eka\/\u0161\u00edrka\/v\u00fd\u0161ka- 1180\/750\/1380<\/li>\n<li>Hmotnos\u0165 70 kg<\/li>\n<li>Akustick\u00fd tlak 69,8 dB<\/li>\n<li>Hladina hluku 88,5 dB<\/li>\n<\/ul>\n","protected":false},"excerpt":{"rendered":"<p>Profesion\u00e1lna nemeck\u00e1 stolov\u00e1 p\u00edla na r\u00fdchle a presn\u00e9 rezanie teh\u00e1l, klinkeru, pr\u00edrodn\u00e9ho kame\u0148a, bet\u00f3novej dla\u017eby a podobn\u00fdch pr\u00edrodn\u00fdch materi\u00e1lov. Plynule nastavite\u013en\u00e9 v\u00fdkyvn\u00e9 rezn\u00e9 rameno a \u00fa\u010dinn\u00fd motor. Vo\u013ene pohybliv\u00fd pozinkovan\u00fd st\u00f4l na kovov\u00fdch val\u010dekoch. Kryt fr\u00e9zy umo\u017e\u0148uje in\u0161tal\u00e1ciu kot\u00fa\u010da s priemerom 400 mm, \u010do umo\u017e\u0148uje h\u013abku rezu a\u017e 130 mm. Reza\u010dka disponuje vodn\u00fdm \u010derpadlom, ktor\u00e9&#8230;<\/p>\n","protected":false},"featured_media":1378,"comment_status":"open","ping_status":"closed","template":"","meta":{"_kadence_starter_templates_imported_post":false,"_kad_post_transparent":"default","_kad_post_title":"","_kad_post_layout":"default","_kad_post_sidebar_id":"","_kad_post_content_style":"default","_kad_post_vertical_padding":"default","_kad_post_feature":"","_kad_post_feature_position":"","_kad_post_header":false,"_kad_post_footer":false,"_kad_post_classname":""},"product_brand":[],"product_cat":[27],"product_tag":[],"class_list":{"0":"post-1376","1":"product","2":"type-product","3":"status-publish","4":"has-post-thumbnail","6":"product_cat-mala-mechanizacia","8":"first","9":"instock","10":"shipping-taxable","11":"purchasable","12":"product-type-redq_rental","13":"entry","14":"content-bg","15":"loop-entry"},"_links":{"self":[{"href":"https:\/\/www.rebrent.sk\/index.php?rest_route=\/wp\/v2\/product\/1376","targetHints":{"allow":["GET"]}}],"collection":[{"href":"https:\/\/www.rebrent.sk\/index.php?rest_route=\/wp\/v2\/product"}],"about":[{"href":"https:\/\/www.rebrent.sk\/index.php?rest_route=\/wp\/v2\/types\/product"}],"replies":[{"embeddable":true,"href":"https:\/\/www.rebrent.sk\/index.php?rest_route=%2Fwp%2Fv2%2Fcomments&post=1376"}],"wp:featuredmedia":[{"embeddable":true,"href":"https:\/\/www.rebrent.sk\/index.php?rest_route=\/wp\/v2\/media\/1378"}],"wp:attachment":[{"href":"https:\/\/www.rebrent.sk\/index.php?rest_route=%2Fwp%2Fv2%2Fmedia&parent=1376"}],"wp:term":[{"taxonomy":"product_brand","embeddable":true,"href":"https:\/\/www.rebrent.sk\/index.php?rest_route=%2Fwp%2Fv2%2Fproduct_brand&post=1376"},{"taxonomy":"product_cat","embeddable":true,"href":"https:\/\/www.rebrent.sk\/index.php?rest_route=%2Fwp%2Fv2%2Fproduct_cat&post=1376"},{"taxonomy":"product_tag","embeddable":true,"href":"https:\/\/www.rebrent.sk\/index.php?rest_route=%2Fwp%2Fv2%2Fproduct_tag&post=1376"}],"curies":[{"name":"wp","href":"https:\/\/api.w.org\/{rel}","templated":true}]}}