{"id":1352,"date":"2023-09-23T19:19:47","date_gmt":"2023-09-23T17:19:47","guid":{"rendered":"https:\/\/www.rebrent.sk\/?post_type=product&#038;p=1352"},"modified":"2023-09-23T19:52:31","modified_gmt":"2023-09-23T17:52:31","slug":"wacker-neuson-bfs-1345-ce-rezacka-spar","status":"publish","type":"product","link":"https:\/\/www.rebrent.sk\/?product=wacker-neuson-bfs-1345-ce-rezacka-spar","title":{"rendered":"WACKER NEUSON BFS 1345-CE reza\u010dka \u0161p\u00e1r"},"content":{"rendered":"<p>S\u00e9ria BFS pon\u00faka najvy\u0161\u0161iu rezn\u00fa r\u00fdchlos\u0165 a tich\u00fa prev\u00e1dzku a je tie\u017e naj\u013eah\u0161ia vo svojej triede. Rezn\u00fd v\u00fdkon je a\u017e o 20% r\u00fdchlej\u0161\u00ed ako porovnate\u013en\u00e9 zariadenia.\u00a0V\u010faka lo\u017eisk\u00e1m s do\u017eivotn\u00fdm mazan\u00edm vy\u017eaduje ve\u013emi mal\u00fa \u00fadr\u017ebu.\u00a0Stroj je vybaven\u00fd r\u00e1mom s vysokou pevnos\u0165ou v \u0165ahu a jeho koles\u00e1 s\u00fa ulo\u017een\u00e9 v guli\u010dkov\u00fdch lo\u017eisk\u00e1ch, \u010do zaru\u010duje vysok\u00fa smerov\u00fa stabilitu.\u00a0N\u00edzke vibr\u00e1cie pren\u00e1\u0161an\u00e9 na ruky s\u00fa men\u0161ie ako 5 m\/s\u00b2.<\/p>\n<p>Stroj je ide\u00e1lny pre induk\u010dn\u00e9 slu\u010dky, preto\u017ee di\u0161tan\u010dn\u00fd kr\u00fa\u017eok umo\u017e\u0148uje rezanie s dvoma diamantov\u00fdmi kot\u00fa\u010dmi s\u00fa\u010dasne, v\u010faka \u010domu z\u00edskate v jednom pracovnom kroku \u0161ir\u0161\u00ed rez.<\/p>\n<p>Vlastnosti a funkcie<\/p>\n<p><strong>Centr\u00e1lny bod na zavesenie\u00a0<\/strong><\/p>\n<p>&#8211; Stroj zost\u00e1va v\u017edy vyv\u00e1\u017een\u00fd v\u010faka tomu, \u017ee zadn\u00e9 kolieska sa zem dot\u00fdkaj\u00fa ako prv\u00e9 a nikdy nie rezn\u00fd kot\u00fa\u010d.<\/p>\n<p><strong>N\u00e1dr\u017e na vodu<\/strong><\/p>\n<p>&#8211; Tento model m\u00e1 objem 32 l.<\/p>\n<p><strong>Volite\u013en\u00e1 prepravn\u00e1 rukov\u00e4\u0165\u00a0<\/strong><\/p>\n<p><strong>&#8211;<\/strong>\u00a0preprava stroja je jednoduch\u00e1 a u\u017e\u00edvate\u013esky pr\u00edvetiv\u00e1<\/p>\n<p><strong>\u0160irok\u00fd rozvoj<\/strong><\/p>\n<p>&#8211; vy\u0161\u0161ia stabilita pri prev\u00e1dzke<\/p>\n<p>Technick\u00e9 parametre:<\/p>\n<table class=\"dataTable multipleProducts\">\n<tbody>\n<tr class=\"\">\n<td><span class=\"first_table_td\">D x \u0160 x V (rukov\u00e4te v prepravnej polohe, bez vodiaceho kolesa)<\/span>\u00a0\u00a0mm<\/td>\n<td>860 x 575 x 1010<\/td>\n<\/tr>\n<tr class=\"\">\n<td><span class=\"first_table_td\">Hmotnos\u0165\u00a0<\/span>\u00a0\u00a0kg<\/td>\n<td>93<\/td>\n<\/tr>\n<tr class=\"\">\n<td><span class=\"first_table_td\">Priemer kot\u00fa\u010dov max.<\/span>\u00a0\u00a0mm<\/td>\n<td>450<\/td>\n<\/tr>\n<tr class=\"\">\n<td><span class=\"first_table_td\">Ulo\u017eenie kot\u00fa\u010dov\u00a0<\/span>\u00a0\u00a0mm<\/td>\n<td>25,4<\/td>\n<\/tr>\n<tr class=\"\">\n<td><span class=\"first_table_td\">H\u013abka rezu max.<\/span>\u00a0\u00a0mm<\/td>\n<td>170<\/td>\n<\/tr>\n<tr class=\"\">\n<td><span class=\"first_table_td\">Menovit\u00e9 ot\u00e1\u010dky rezn\u00fd kot\u00fa\u010d\u00a0<\/span>\u00a01\/min<\/td>\n<td>2.200<\/td>\n<\/tr>\n<tr class=\"\">\n<td><span class=\"first_table_td\">Objem n\u00e1dr\u017ee (voda)<\/span>\u00a0\u00a0l<\/td>\n<td>32<\/td>\n<\/tr>\n<tr class=\"\">\n<td><span class=\"first_table_td\">V\u00fdrobca motora\u00a0<\/span><\/td>\n<td>Honda<\/td>\n<\/tr>\n<tr class=\"\">\n<td><span class=\"first_table_td\">Typ motora\u00a0<\/span><\/td>\n<td>GX 390<\/td>\n<\/tr>\n<tr class=\"\">\n<td><span class=\"first_table_td\">Zdvihov\u00fd objem\u00a0<\/span>\u00a0\u00a0cm\u00b3<\/td>\n<td>389<\/td>\n<\/tr>\n<tr class=\"\">\n<td><span class=\"first_table_td\">V\u00fdkon\u00a0<\/span>\u00a0\u00a0kW<\/td>\n<td>8,7<\/td>\n<\/tr>\n<tr class=\"\">\n<td><span class=\"first_table_td\">V\u00fdkon\u00a0<\/span>\u00a0\u00a0kW (PS)<\/td>\n<td><\/td>\n<\/tr>\n<tr class=\"\">\n<td><span class=\"first_table_td\">pri ot\u00e1\u010dkach\u00a0<\/span>\u00a0\u00a01\/min<\/td>\n<td>3.600<\/td>\n<\/tr>\n<tr class=\"\">\n<td><span class=\"first_table_td\">Typ paliva\u00a0<\/span><\/td>\n<td>benz\u00edn<\/td>\n<\/tr>\n<tr class=\"\">\n<td><span class=\"first_table_td\">Spotreba paliva\u00a0<\/span>\u00a0\u00a0l\/h<\/td>\n<td>4,3<\/td>\n<\/tr>\n<tr class=\"\">\n<td><span class=\"first_table_td\">Objem n\u00e1dr\u017ee (palivo)<\/span>\u00a0\u00a0l<\/td>\n<td>6,1<\/td>\n<\/tr>\n<tr class=\"\">\n<td><span class=\"first_table_td\">Volite\u013ene je mo\u017en\u00fd skr\u00e1ten\u00fd r\u00e1zvor kolies\u00a0<\/span><\/td>\n<td><\/td>\n<\/tr>\n<\/tbody>\n<\/table>\n<p>&nbsp;<\/p>\n","protected":false},"excerpt":{"rendered":"<p>S\u00e9ria BFS pon\u00faka najvy\u0161\u0161iu rezn\u00fa r\u00fdchlos\u0165 a tich\u00fa prev\u00e1dzku a je tie\u017e naj\u013eah\u0161ia vo svojej triede. Rezn\u00fd v\u00fdkon je a\u017e o 20% r\u00fdchlej\u0161\u00ed ako porovnate\u013en\u00e9 zariadenia.\u00a0V\u010faka lo\u017eisk\u00e1m s do\u017eivotn\u00fdm mazan\u00edm vy\u017eaduje ve\u013emi mal\u00fa \u00fadr\u017ebu.\u00a0Stroj je vybaven\u00fd r\u00e1mom s vysokou pevnos\u0165ou v \u0165ahu a jeho koles\u00e1 s\u00fa ulo\u017een\u00e9 v guli\u010dkov\u00fdch lo\u017eisk\u00e1ch, \u010do zaru\u010duje vysok\u00fa smerov\u00fa stabilitu.\u00a0N\u00edzke&#8230;<\/p>\n","protected":false},"featured_media":1353,"comment_status":"open","ping_status":"closed","template":"","meta":{"_kadence_starter_templates_imported_post":false,"_kad_post_transparent":"default","_kad_post_title":"","_kad_post_layout":"default","_kad_post_sidebar_id":"","_kad_post_content_style":"default","_kad_post_vertical_padding":"default","_kad_post_feature":"","_kad_post_feature_position":"","_kad_post_header":false,"_kad_post_footer":false,"_kad_post_classname":""},"product_brand":[],"product_cat":[27],"product_tag":[],"class_list":{"0":"post-1352","1":"product","2":"type-product","3":"status-publish","4":"has-post-thumbnail","6":"product_cat-mala-mechanizacia","8":"first","9":"instock","10":"shipping-taxable","11":"purchasable","12":"product-type-redq_rental","13":"entry","14":"content-bg","15":"loop-entry"},"_links":{"self":[{"href":"https:\/\/www.rebrent.sk\/index.php?rest_route=\/wp\/v2\/product\/1352","targetHints":{"allow":["GET"]}}],"collection":[{"href":"https:\/\/www.rebrent.sk\/index.php?rest_route=\/wp\/v2\/product"}],"about":[{"href":"https:\/\/www.rebrent.sk\/index.php?rest_route=\/wp\/v2\/types\/product"}],"replies":[{"embeddable":true,"href":"https:\/\/www.rebrent.sk\/index.php?rest_route=%2Fwp%2Fv2%2Fcomments&post=1352"}],"wp:featuredmedia":[{"embeddable":true,"href":"https:\/\/www.rebrent.sk\/index.php?rest_route=\/wp\/v2\/media\/1353"}],"wp:attachment":[{"href":"https:\/\/www.rebrent.sk\/index.php?rest_route=%2Fwp%2Fv2%2Fmedia&parent=1352"}],"wp:term":[{"taxonomy":"product_brand","embeddable":true,"href":"https:\/\/www.rebrent.sk\/index.php?rest_route=%2Fwp%2Fv2%2Fproduct_brand&post=1352"},{"taxonomy":"product_cat","embeddable":true,"href":"https:\/\/www.rebrent.sk\/index.php?rest_route=%2Fwp%2Fv2%2Fproduct_cat&post=1352"},{"taxonomy":"product_tag","embeddable":true,"href":"https:\/\/www.rebrent.sk\/index.php?rest_route=%2Fwp%2Fv2%2Fproduct_tag&post=1352"}],"curies":[{"name":"wp","href":"https:\/\/api.w.org\/{rel}","templated":true}]}}