{"id":1346,"date":"2023-09-17T22:50:42","date_gmt":"2023-09-17T20:50:42","guid":{"rendered":"https:\/\/www.rebrent.sk\/?post_type=product&#038;p=1346"},"modified":"2023-09-17T22:50:42","modified_gmt":"2023-09-17T20:50:42","slug":"wacker-neuson-bs-60-4-vibracny-pech","status":"publish","type":"product","link":"https:\/\/www.rebrent.sk\/?product=wacker-neuson-bs-60-4-vibracny-pech","title":{"rendered":"WACKER NEUSON BS 60-4 vibra\u010dn\u00fd pech"},"content":{"rendered":"<section class=\"page-section product-section\">\n<div class=\"container\">\n<div class=\"wysiwyg product-subtext\">\n<p>\u0160tvortaktn\u00e9 dusadl\u00e1 Wacker Neuson sa vyzna\u010duj\u00fa vynikaj\u00facim pracovn\u00fdm v\u00fdkonom. Ve\u013ek\u00fd zdvih, vysok\u00e1 dusacia frekvencia, vysok\u00e1 energia \u00faderu a r\u00fdchly chod vpred zais\u0165uj\u00fa prvotriedne pracovn\u00e9 v\u00fdsledky. Premyslen\u00e9 funkcie navy\u0161e robia pou\u017e\u00edvanie \u0161tvortaktn\u00fdch dusadiel jednoduch\u0161\u00edm pre oper\u00e1torov, predl\u017euj\u00fa \u017eivotnos\u0165 a zni\u017euj\u00fa potrebu \u00fadr\u017eby na minimum.<\/p>\n<\/div>\n<\/div>\n<\/section>\n<section class=\"page-section\">\n<div class=\"container\">\n<div class=\"box-text-image card-deck\">\n<div class=\"card layout-basic\">\n<div class=\"image-orient-17\">\n<div class=\"wysiwyg partial-text\">\n<div class=\"body\">\n<h4>Len jedna p\u00e1\u010dka na spustenie, chod napr\u00e1zdno a zastavenie<\/h4>\n<ul>\n<li>Dusadlo sa d\u00e1 ve\u013emi pohodlne ovl\u00e1da\u0165 len jednou p\u00e1\u010dkou. Palivov\u00fd koh\u00fat je integrovan\u00fd do p\u00e1\u010dky.<\/li>\n<\/ul>\n<\/div>\n<\/div>\n<\/div>\n<\/div>\n<\/div>\n<div class=\"box-text-image card-deck\">\n<div class=\"card layout-basic\">\n<div class=\"image-orient-18\">\n<div class=\"wysiwyg partial-text\">\n<div class=\"body\">\n<h4>4-n\u00e1sobn\u00fd vzduchov\u00fd filter (cykl\u00f3nov\u00fd, papierov\u00fd a 2-n\u00e1sobn\u00fd penov\u00fd filter)<\/h4>\n<ul>\n<li>\u0160tvorn\u00e1sobn\u00fd vzduchov\u00fd filter pon\u00faka ve\u013emi spo\u013eahliv\u00fd filtra\u010dn\u00fd \u00fa\u010dinok s vysokou kapacitou a t\u00fdm p\u00e1dom nepretr\u017eite vysok\u00fd v\u00fdkon motora.<\/li>\n<li>Teleso filtra je skon\u0161truovan\u00e9 tak, aby ne\u010distoty pri vyberan\u00ed filtra nepadali do priestoru nas\u00e1vania vzduchu. To chr\u00e1ni motor pred zanesen\u00edm ne\u010dist\u00f4t po\u010das \u00fadr\u017eby.<\/li>\n<li>Kryt vzduchov\u00e9ho filtra sa mus\u00ed otvori\u0165 n\u00e1strojom: T\u00fdm sa m\u00e1 zabr\u00e1ni\u0165 tomu, aby sa kryt otvoril na pra\u0161nom stavenisku alebo aby oper\u00e1tor filter \u00faplne otvoril s cie\u013eom r\u00fdchlo \u010falej pracova\u0165. Nutnos\u0165 pou\u017ei\u0165 n\u00e1stroj m\u00e1 zaisti\u0165, aby sa dusadlo odviezlo na \u00fadr\u017ebu filtra do dielne.<\/li>\n<\/ul>\n<\/div>\n<\/div>\n<\/div>\n<\/div>\n<\/div>\n<div class=\"box-text-image card-deck\">\n<div class=\"card layout-basic\">\n<div class=\"image-orient-17\">\n<div class=\"wysiwyg partial-text\">\n<div class=\"body\">\n<h4>Motor Honda<\/h4>\n<ul>\n<li>\u0160tvortaktn\u00e9 dusadl\u00e1 s\u00fa vybaven\u00e9 vysoko kvalitn\u00fdmi, v\u00fdkonn\u00fdmi motormi Honda.<\/li>\n<li>Honda m\u00e1 medzin\u00e1rodn\u00e9 zast\u00fapenie, preto s\u00fa n\u00e1hradn\u00e9 diely r\u00fdchlo k dispoz\u00edcii.<\/li>\n<\/ul>\n<\/div>\n<\/div>\n<\/div>\n<\/div>\n<\/div>\n<div class=\"box-text-image card-deck\">\n<div class=\"card layout-basic\">\n<div class=\"image-orient-18\">\n<div class=\"images template-image\">\n<figure class=\"photo partial-image\"><span style=\"font-family: Montserrat, var(--global-fallback-font); font-size: 24px; font-weight: bold;\">Kontrolka nedostatku oleja<\/span><\/figure>\n<\/div>\n<div class=\"wysiwyg partial-text\">\n<div class=\"body\">\n<ul>\n<li>Ak sa motor na\u0161tartuje s nedostatkom oleja, rozsvieti sa LED kontrolka signalizuj\u00faca nedostatok oleja.<\/li>\n<\/ul>\n<\/div>\n<\/div>\n<\/div>\n<\/div>\n<\/div>\n<div class=\"box-text-image card-deck\">\n<div class=\"card layout-basic\">\n<div class=\"image-orient-17\">\n<div class=\"wysiwyg partial-text\">\n<div class=\"body\">\n<h4>R\u00fdchly chod vpred<\/h4>\n<ul>\n<li>R\u00fdchly chod vpred umo\u017e\u0148uje efekt\u00edvnu pr\u00e1cu s vysok\u00fdm plo\u0161n\u00fdm v\u00fdkonom.<\/li>\n<\/ul>\n<\/div>\n<\/div>\n<\/div>\n<\/div>\n<\/div>\n<\/div>\n<\/section>\n<section class=\"page-section\" data-spacetop=\"none\">\n<div class=\"container visible\">\n<div class=\"section-header headline-container standalone\">\n<h4 class=\"title\">\u010eal\u0161ie funkcie<\/h4>\n<\/div>\n<div class=\"tab-content\">\n<div id=\"Efekt\u00edvnos\u0165\" class=\"tab-pane fade show active\" role=\"tabpanel\" aria-labelledby=\"Efekt\u00edvnos\u0165-tab\">\n<div class=\"box-text-image card-deck\">\n<article class=\"card\">\n<div class=\"image-orient-17\">\n<div class=\"wysiwyg\">\n<div class=\"body\">\n<h4>\u00da\u010dinn\u00fd palivov\u00fd filter<\/h4>\n<ul>\n<li>Vysoko kvalitn\u00fd, jemne sie\u0165ovan\u00fd papierov\u00fd filter s vysok\u00fdm filtra\u010dn\u00fdm \u00fa\u010dinkom chr\u00e1ni kondenz\u00e1tor pred zanesen\u00edm ne\u010dist\u00f4t.<\/li>\n<li>Palivov\u00fd filter je umiestnen\u00fd bl\u00edzko n\u00e1dr\u017ee. Pri vysok\u00fdch vonkaj\u0161\u00edch teplot\u00e1ch sa t\u00fdm v palivovom potrub\u00ed tvor\u00ed menej parn\u00fdch bubl\u00edn, \u010do sa pozit\u00edvne prejavuje na prev\u00e1dzkovom spr\u00e1van\u00ed sa motora.<\/li>\n<\/ul>\n<\/div>\n<\/div>\n<\/div>\n<\/article>\n<\/div>\n<\/div>\n<\/div>\n<\/div>\n<\/section>\n","protected":false},"excerpt":{"rendered":"<p>\u0160tvortaktn\u00e9 dusadl\u00e1 Wacker Neuson sa vyzna\u010duj\u00fa vynikaj\u00facim pracovn\u00fdm v\u00fdkonom. Ve\u013ek\u00fd zdvih, vysok\u00e1 dusacia frekvencia, vysok\u00e1 energia \u00faderu a r\u00fdchly chod vpred zais\u0165uj\u00fa prvotriedne pracovn\u00e9 v\u00fdsledky. Premyslen\u00e9 funkcie navy\u0161e robia pou\u017e\u00edvanie \u0161tvortaktn\u00fdch dusadiel jednoduch\u0161\u00edm pre oper\u00e1torov, predl\u017euj\u00fa \u017eivotnos\u0165 a zni\u017euj\u00fa potrebu \u00fadr\u017eby na minimum. Len jedna p\u00e1\u010dka na spustenie, chod napr\u00e1zdno a zastavenie Dusadlo sa d\u00e1&#8230;<\/p>\n","protected":false},"featured_media":1347,"comment_status":"open","ping_status":"closed","template":"","meta":{"_kadence_starter_templates_imported_post":false,"_kad_post_transparent":"default","_kad_post_title":"","_kad_post_layout":"default","_kad_post_sidebar_id":"","_kad_post_content_style":"default","_kad_post_vertical_padding":"default","_kad_post_feature":"","_kad_post_feature_position":"","_kad_post_header":false,"_kad_post_footer":false,"_kad_post_classname":""},"product_brand":[],"product_cat":[27],"product_tag":[],"class_list":{"0":"post-1346","1":"product","2":"type-product","3":"status-publish","4":"has-post-thumbnail","6":"product_cat-mala-mechanizacia","8":"first","9":"instock","10":"shipping-taxable","11":"purchasable","12":"product-type-redq_rental","13":"entry","14":"content-bg","15":"loop-entry"},"_links":{"self":[{"href":"https:\/\/www.rebrent.sk\/index.php?rest_route=\/wp\/v2\/product\/1346","targetHints":{"allow":["GET"]}}],"collection":[{"href":"https:\/\/www.rebrent.sk\/index.php?rest_route=\/wp\/v2\/product"}],"about":[{"href":"https:\/\/www.rebrent.sk\/index.php?rest_route=\/wp\/v2\/types\/product"}],"replies":[{"embeddable":true,"href":"https:\/\/www.rebrent.sk\/index.php?rest_route=%2Fwp%2Fv2%2Fcomments&post=1346"}],"wp:featuredmedia":[{"embeddable":true,"href":"https:\/\/www.rebrent.sk\/index.php?rest_route=\/wp\/v2\/media\/1347"}],"wp:attachment":[{"href":"https:\/\/www.rebrent.sk\/index.php?rest_route=%2Fwp%2Fv2%2Fmedia&parent=1346"}],"wp:term":[{"taxonomy":"product_brand","embeddable":true,"href":"https:\/\/www.rebrent.sk\/index.php?rest_route=%2Fwp%2Fv2%2Fproduct_brand&post=1346"},{"taxonomy":"product_cat","embeddable":true,"href":"https:\/\/www.rebrent.sk\/index.php?rest_route=%2Fwp%2Fv2%2Fproduct_cat&post=1346"},{"taxonomy":"product_tag","embeddable":true,"href":"https:\/\/www.rebrent.sk\/index.php?rest_route=%2Fwp%2Fv2%2Fproduct_tag&post=1346"}],"curies":[{"name":"wp","href":"https:\/\/api.w.org\/{rel}","templated":true}]}}