{"id":1337,"date":"2023-09-15T20:47:26","date_gmt":"2023-09-15T18:47:26","guid":{"rendered":"https:\/\/www.rebrent.sk\/?post_type=product&#038;p=1337"},"modified":"2023-09-17T18:57:37","modified_gmt":"2023-09-17T16:57:37","slug":"wacker-neuson-bpu-3750-vibracna-doska","status":"publish","type":"product","link":"https:\/\/www.rebrent.sk\/?product=wacker-neuson-bpu-3750-vibracna-doska","title":{"rendered":"WACKER NEUSON BPU 3750 vibra\u010dn\u00e1 doska"},"content":{"rendered":"<div class=\"et_pb_row et_pb_row_0\">\n<div class=\"et_pb_column et_pb_column_2_5 et_pb_column_1 et_pb_css_mix_blend_mode_passthrough et-last-child\">\n<div class=\"et_pb_module et_pb_text et_pb_text_0 et_pb_text_align_left et_pb_bg_layout_light\">\n<div class=\"et_pb_text_inner\">\n<h4>Wacker Neuson DPU 3750 vibra\u010dn\u00e1 doska<\/h4>\n<p>\u00bb 37 kN\/ 4,2 kW<br \/>\n\u00bb elektrick\u00fd \u0161tart<br \/>\n\u00bb 240 kg<br \/>\n\u00bb diesel<br \/>\n\u00bb pracovn\u00e1 \u0161\u00edrka 50 cm<br \/>\n\u00bb indik\u00e1tor zhutnenia<br \/>\n\u00bb s reverzn\u00fdm pojazdom<br \/>\n\u00bb tlmen\u00e9 rukov\u00e4te<\/p>\n<\/div>\n<\/div>\n<\/div>\n<\/div>\n<div class=\"et_pb_row et_pb_row_1\">\n<div class=\"et_pb_column et_pb_column_4_4 et_pb_column_2 et_pb_css_mix_blend_mode_passthrough et-last-child\">\n<div class=\"et_pb_module et_pb_text et_pb_text_1 et_pb_text_align_left et_pb_bg_layout_light\">\n<div class=\"et_pb_text_inner\">\n<p>Vibra\u010dn\u00e1 doska s odstredivou silou 37 kN patr\u00ed do triedy vysoko v\u00fdkonn\u00fdch v\u0161estrann\u00fdch vibra\u010dn\u00fdch dosiek, ktor\u00e9 sa ide\u00e1lne hodia na zhut\u0148ovania dla\u017ebov\u00fdch kociek, z\u00e1hradn\u00fa a krajinn\u00fa architekt\u00faru, \u00fadr\u017ebu ciest, chodn\u00edkov a parkov\u00edsk. Stroj tejto triedy pon\u00faka v\u00fdnimo\u010dn\u00fa mobilitu. V\u010faka svojej ve\u013ekej agilite a kompaktnej kon\u0161trukcii je t\u00e1to vibra\u010dn\u00e1 doska ide\u00e1lnou vo\u013ebou na nepretr\u017eit\u00e9 pou\u017eitie pri zhut\u0148ovan\u00ed chodn\u00edkov, priekop a in\u00e9ho stiesnen\u00fdch priestorov.<\/p>\n<\/div>\n<\/div>\n<\/div>\n<\/div>\n<div class=\"et_pb_row et_pb_row_2\">\n<div class=\"et_pb_column et_pb_column_1_2 et_pb_column_3 et_pb_css_mix_blend_mode_passthrough\">\n<div class=\"et_pb_module et_pb_text et_pb_text_2 et_pb_text_align_left et_pb_bg_layout_light\">\n<div class=\"et_pb_text_inner\">\n<p>\u2022 integrovan\u00e1, mimoriadne robustn\u00e1 s\u00faprava kolies,\u00a0koles\u00e1 nepo\u0161kod\u00ed dokonca ani hor\u00faci asfalt alebo ostr\u00e9 hrany obrubn\u00edkov<\/p>\n<p>\u2022 v\u00fdnimo\u010dne dlh\u00e1 \u017eivotnos\u0165 aj pri t\u00fdch naj\u0165a\u017e\u0161\u00edch pr\u00e1cach, z\u00e1kladn\u00e1 doska GJS-700 \u2013 optim\u00e1lna kombin\u00e1cia odolnosti proti zlomeniu a opotrebovaniu<\/p>\n<p>\u2022 presn\u00e1 pr\u00e1ca bez n\u00e1mahy v\u010faka odpru\u017eenej vodiacej rukov\u00e4ti a integrovan\u00e9mu bo\u010dn\u00e9mu vedeniu<\/p>\n<p>\u2022 bezpe\u010dn\u00e1 preprava v\u010faka automatick\u00e9mu blokovaciemu mechanizmu vodiacej rukov\u00e4te bez v\u00f4le<\/p>\n<p>\u2022 v\u00fdkonn\u00fd motor s ve\u013ek\u00fdm rezervn\u00fdm v\u00fdkonom. S extra r\u00fdchlym pojazdom vpred a elektrick\u00fdm \u0161tart\u00e9rom<\/p>\n<\/div>\n<\/div>\n<\/div>\n<\/div>\n","protected":false},"excerpt":{"rendered":"<p>Wacker Neuson DPU 3750 vibra\u010dn\u00e1 doska \u00bb 37 kN\/ 4,2 kW \u00bb elektrick\u00fd \u0161tart \u00bb 240 kg \u00bb diesel \u00bb pracovn\u00e1 \u0161\u00edrka 50 cm \u00bb indik\u00e1tor zhutnenia \u00bb s reverzn\u00fdm pojazdom \u00bb tlmen\u00e9 rukov\u00e4te Vibra\u010dn\u00e1 doska s odstredivou silou 37 kN patr\u00ed do triedy vysoko v\u00fdkonn\u00fdch v\u0161estrann\u00fdch vibra\u010dn\u00fdch dosiek, ktor\u00e9 sa ide\u00e1lne hodia na zhut\u0148ovania&#8230;<\/p>\n","protected":false},"featured_media":1338,"comment_status":"open","ping_status":"closed","template":"","meta":{"_kadence_starter_templates_imported_post":false,"_kad_post_transparent":"default","_kad_post_title":"","_kad_post_layout":"default","_kad_post_sidebar_id":"","_kad_post_content_style":"default","_kad_post_vertical_padding":"default","_kad_post_feature":"","_kad_post_feature_position":"","_kad_post_header":false,"_kad_post_footer":false,"_kad_post_classname":""},"product_brand":[],"product_cat":[27],"product_tag":[],"class_list":{"0":"post-1337","1":"product","2":"type-product","3":"status-publish","4":"has-post-thumbnail","6":"product_cat-mala-mechanizacia","8":"first","9":"instock","10":"shipping-taxable","11":"purchasable","12":"product-type-redq_rental","13":"entry","14":"content-bg","15":"loop-entry"},"_links":{"self":[{"href":"https:\/\/www.rebrent.sk\/index.php?rest_route=\/wp\/v2\/product\/1337","targetHints":{"allow":["GET"]}}],"collection":[{"href":"https:\/\/www.rebrent.sk\/index.php?rest_route=\/wp\/v2\/product"}],"about":[{"href":"https:\/\/www.rebrent.sk\/index.php?rest_route=\/wp\/v2\/types\/product"}],"replies":[{"embeddable":true,"href":"https:\/\/www.rebrent.sk\/index.php?rest_route=%2Fwp%2Fv2%2Fcomments&post=1337"}],"wp:featuredmedia":[{"embeddable":true,"href":"https:\/\/www.rebrent.sk\/index.php?rest_route=\/wp\/v2\/media\/1338"}],"wp:attachment":[{"href":"https:\/\/www.rebrent.sk\/index.php?rest_route=%2Fwp%2Fv2%2Fmedia&parent=1337"}],"wp:term":[{"taxonomy":"product_brand","embeddable":true,"href":"https:\/\/www.rebrent.sk\/index.php?rest_route=%2Fwp%2Fv2%2Fproduct_brand&post=1337"},{"taxonomy":"product_cat","embeddable":true,"href":"https:\/\/www.rebrent.sk\/index.php?rest_route=%2Fwp%2Fv2%2Fproduct_cat&post=1337"},{"taxonomy":"product_tag","embeddable":true,"href":"https:\/\/www.rebrent.sk\/index.php?rest_route=%2Fwp%2Fv2%2Fproduct_tag&post=1337"}],"curies":[{"name":"wp","href":"https:\/\/api.w.org\/{rel}","templated":true}]}}