{"id":1324,"date":"2023-09-08T11:06:38","date_gmt":"2023-09-08T09:06:38","guid":{"rendered":"https:\/\/www.rebrent.sk\/?post_type=product&#038;p=1324"},"modified":"2023-09-15T20:31:51","modified_gmt":"2023-09-15T18:31:51","slug":"wacker-neuson-dpu-6555-vibracna-doska","status":"publish","type":"product","link":"https:\/\/www.rebrent.sk\/?product=wacker-neuson-dpu-6555-vibracna-doska","title":{"rendered":"WACKER NEUSON DPU 6555 vibra\u010dn\u00e1 doska"},"content":{"rendered":"<div class=\"et_pb_row et_pb_row_0\">\n<div class=\"et_pb_column et_pb_column_2_5 et_pb_column_1 et_pb_css_mix_blend_mode_passthrough et-last-child\">\n<div class=\"et_pb_module et_pb_text et_pb_text_0 et_pb_text_align_left et_pb_bg_layout_light\">\n<div class=\"et_pb_text_inner\">\n<h4><strong>Wacker Neuson DPU6555 \u2013 vibra\u010dn\u00e1 doska<\/strong><\/h4>\n<p>\u00bb 65 kN\/ 9,6 kW<br \/>\n\u00bb elektrick\u00fd \u0161tart<br \/>\n\u00bb 518 kg<br \/>\n\u00bb diesel<br \/>\n\u00bb pracovn\u00e1 \u0161\u00edrka 55 x 90 cm<br \/>\n\u00bb indik\u00e1tor zhutnenia<br \/>\n\u00bb s reverzn\u00fdm pojazdom<br \/>\n\u00bb tlmen\u00e9 rukov\u00e4te<\/p>\n<p>&nbsp;<\/p>\n<\/div>\n<\/div>\n<\/div>\n<\/div>\n<div class=\"et_pb_row et_pb_row_1\">\n<div class=\"et_pb_column et_pb_column_4_4 et_pb_column_2 et_pb_css_mix_blend_mode_passthrough et-last-child\">\n<div class=\"et_pb_module et_pb_text et_pb_text_1 et_pb_text_align_left et_pb_bg_layout_light\">\n<div class=\"et_pb_text_inner\">\n<p>V\u010faka svojej obrovskej zhut\u0148ovacej sile v kombin\u00e1cii s r\u00fdchlym pojazdom vpred a vzad pon\u00faka DPU6555 extr\u00e9mne vysok\u00fa \u00farove\u0148 produktivity. Je univerz\u00e1lnym strojom pre v\u0161etky stavenisk\u00e1, kde sa klad\u00fa extr\u00e9mne n\u00e1roky na jeho v\u00fdkonnos\u0165. Okrem toho pon\u00faka vynikaj\u00face vlastnosti z h\u013eadiska \u017eivotnosti a pou\u017e\u00edvate\u013esk\u00e9ho komfortu. Medzi optim\u00e1lne oblasti pou\u017eitia patr\u00ed zhut\u0148ovanie mrazuvzdornej a nosnej vrstvy pri stavbe ciest, chodn\u00edkov a parkov\u00edsk, ako aj zasyp\u00e1van\u00ed budov. V\u010faka frekvencii 69 Hz je mo\u017en\u00e9 DPU6555 pou\u017e\u00edva\u0165 univerz\u00e1lne a spo\u013eahlivo zhut\u0148uje aj \u0165a\u017ek\u00fa z\u00e1mkov\u00fa dla\u017ebu. DPU6555 je vybaven\u00e1 kontrolou zhut\u0148ovania Compatec.<\/p>\n<\/div>\n<\/div>\n<\/div>\n<\/div>\n<div class=\"et_pb_row et_pb_row_2\">\n<div class=\"et_pb_column et_pb_column_1_2 et_pb_column_3 et_pb_css_mix_blend_mode_passthrough\">\n<div class=\"et_pb_module et_pb_text et_pb_text_2 et_pb_text_align_left et_pb_bg_layout_light\">\n<div class=\"et_pb_text_inner\">\n<p>\u2022 nov\u00e9 oje zni\u017euje vibr\u00e1cie ruka-rameno na minimum a preto pon\u00faka vysok\u00fa \u00farove\u0148 pou\u017e\u00edvate\u013esk\u00e9ho komfortu pri plnom zhut\u0148ovacom v\u00fdkone bez obmedzenia doby prev\u00e1dzky<\/p>\n<p>\u2022 funkcia m\u0155tveho mu\u017ea zabra\u0148uje zachyteniu oper\u00e1tora medzi zariadenie a prek\u00e1\u017eku pri pr\u00e1ci smerom dozadu<\/p>\n<p>\u2022 v\u0161etky \u00fadr\u017ebov\u00e9 body s\u00fa r\u00fdchlo a \u013eahko pr\u00edstupn\u00e9. Rozsiahle komfortn\u00e9 funkcie: napr\u00edklad vypnutie pri n\u00edzkej hladine oleja, samo sa dop\u00ednaj\u00faci klinov\u00fd reme\u0148, bez\u00fadr\u017ebov\u00fd altern\u00e1tor, zvonku pr\u00edstupn\u00e1 vy\u0165ahovacia vonkaj\u0161ia pr\u00edpojka strm\u00e9ho \u0161tartu<\/p>\n<p>\u2022 kompaktn\u00e9 rozmery u\u013eah\u010duj\u00fa pou\u017eitie v stiesnen\u00fdch priestoroch<\/p>\n<p>\u2022 compatec \u2013 dobre od\u010d\u00edtate\u013en\u00fd displej relat\u00edvneho priebehu zhut\u0148ovania. Varovanie pri pre\u0165a\u017een\u00ed a nadmernom zhutnen\u00ed<\/p>\n<p>\u2022 extr\u00e9mne robustn\u00e1 a spo\u013eahliv\u00e1.<\/p>\n<\/div>\n<\/div>\n<\/div>\n<\/div>\n","protected":false},"excerpt":{"rendered":"<p>Wacker Neuson DPU6555 \u2013 vibra\u010dn\u00e1 doska \u00bb 65 kN\/ 9,6 kW \u00bb elektrick\u00fd \u0161tart \u00bb 518 kg \u00bb diesel \u00bb pracovn\u00e1 \u0161\u00edrka 55 x 90 cm \u00bb indik\u00e1tor zhutnenia \u00bb s reverzn\u00fdm pojazdom \u00bb tlmen\u00e9 rukov\u00e4te &nbsp; V\u010faka svojej obrovskej zhut\u0148ovacej sile v kombin\u00e1cii s r\u00fdchlym pojazdom vpred a vzad pon\u00faka DPU6555 extr\u00e9mne vysok\u00fa \u00farove\u0148&#8230;<\/p>\n","protected":false},"featured_media":1325,"comment_status":"open","ping_status":"closed","template":"","meta":{"_kadence_starter_templates_imported_post":false,"_kad_post_transparent":"default","_kad_post_title":"","_kad_post_layout":"default","_kad_post_sidebar_id":"","_kad_post_content_style":"default","_kad_post_vertical_padding":"default","_kad_post_feature":"","_kad_post_feature_position":"","_kad_post_header":false,"_kad_post_footer":false,"_kad_post_classname":""},"product_brand":[],"product_cat":[27],"product_tag":[],"class_list":{"0":"post-1324","1":"product","2":"type-product","3":"status-publish","4":"has-post-thumbnail","6":"product_cat-mala-mechanizacia","8":"first","9":"instock","10":"shipping-taxable","11":"purchasable","12":"product-type-redq_rental","13":"entry","14":"content-bg","15":"loop-entry"},"_links":{"self":[{"href":"https:\/\/www.rebrent.sk\/index.php?rest_route=\/wp\/v2\/product\/1324","targetHints":{"allow":["GET"]}}],"collection":[{"href":"https:\/\/www.rebrent.sk\/index.php?rest_route=\/wp\/v2\/product"}],"about":[{"href":"https:\/\/www.rebrent.sk\/index.php?rest_route=\/wp\/v2\/types\/product"}],"replies":[{"embeddable":true,"href":"https:\/\/www.rebrent.sk\/index.php?rest_route=%2Fwp%2Fv2%2Fcomments&post=1324"}],"wp:featuredmedia":[{"embeddable":true,"href":"https:\/\/www.rebrent.sk\/index.php?rest_route=\/wp\/v2\/media\/1325"}],"wp:attachment":[{"href":"https:\/\/www.rebrent.sk\/index.php?rest_route=%2Fwp%2Fv2%2Fmedia&parent=1324"}],"wp:term":[{"taxonomy":"product_brand","embeddable":true,"href":"https:\/\/www.rebrent.sk\/index.php?rest_route=%2Fwp%2Fv2%2Fproduct_brand&post=1324"},{"taxonomy":"product_cat","embeddable":true,"href":"https:\/\/www.rebrent.sk\/index.php?rest_route=%2Fwp%2Fv2%2Fproduct_cat&post=1324"},{"taxonomy":"product_tag","embeddable":true,"href":"https:\/\/www.rebrent.sk\/index.php?rest_route=%2Fwp%2Fv2%2Fproduct_tag&post=1324"}],"curies":[{"name":"wp","href":"https:\/\/api.w.org\/{rel}","templated":true}]}}