{"id":1317,"date":"2023-09-07T23:49:49","date_gmt":"2023-09-07T21:49:49","guid":{"rendered":"https:\/\/www.rebrent.sk\/?post_type=product&#038;p=1317"},"modified":"2023-09-07T23:55:41","modified_gmt":"2023-09-07T21:55:41","slug":"husquarna-w80p-benzinove-cepradlo","status":"publish","type":"product","link":"https:\/\/www.rebrent.sk\/?product=husquarna-w80p-benzinove-cepradlo","title":{"rendered":"Husquarna W80P benz\u00ednov\u00e9 \u010depradlo"},"content":{"rendered":"<p>Vodn\u00e9 \u010derpadlo HUSQVARNA W80P. \u010cerpadlo pre zavla\u017eovanie a vyp\u00fa\u0161\u0165anie vody, napr. z baz\u00e9na. \u013dahko \u0161tartovate\u013en\u00fd motor a vysoko v\u00fdkonn\u00e9, spo\u013eahliv\u00e9 \u010derpadlo umo\u017e\u0148uj\u00fa efekt\u00edvnu a spo\u013eahliv\u00fa pr\u00e1cu aj v n\u00e1ro\u010dn\u00fdch podmienkach. S ochrann\u00fdm r\u00e1mom, ktor\u00fd chr\u00e1ni stroj pred po\u0161koden\u00edm a sl\u00fa\u017ei ako zdv\u00edhacia rukov\u00e4\u0165.<\/p>\n<ul>\n<li>Maxim\u00e1lna v\u00fdtla\u010dn\u00e1 kapacita: 54 000 l\/h<\/li>\n<li>Zdvihov\u00fd objem valca: 196 cm\u00b3<\/li>\n<li>Objem palivovej n\u00e1dr\u017ee: 3,6 l<\/li>\n<li>Spotreba paliva: 395 g\/kWh<\/li>\n<li>Typ vzduchov\u00e9ho filtra: Penov\u00fd<\/li>\n<li>Zdroj energie: Benz\u00edn<\/li>\n<li>Motor: 4-taktn\u00fd<\/li>\n<\/ul>\n","protected":false},"excerpt":{"rendered":"<p>Vodn\u00e9 \u010derpadlo HUSQVARNA W80P. \u010cerpadlo pre zavla\u017eovanie a vyp\u00fa\u0161\u0165anie vody, napr. z baz\u00e9na. \u013dahko \u0161tartovate\u013en\u00fd motor a vysoko v\u00fdkonn\u00e9, spo\u013eahliv\u00e9 \u010derpadlo umo\u017e\u0148uj\u00fa efekt\u00edvnu a spo\u013eahliv\u00fa pr\u00e1cu aj v n\u00e1ro\u010dn\u00fdch podmienkach. S ochrann\u00fdm r\u00e1mom, ktor\u00fd chr\u00e1ni stroj pred po\u0161koden\u00edm a sl\u00fa\u017ei ako zdv\u00edhacia rukov\u00e4\u0165. Maxim\u00e1lna v\u00fdtla\u010dn\u00e1 kapacita: 54 000 l\/h Zdvihov\u00fd objem valca: 196 cm\u00b3 Objem&#8230;<\/p>\n","protected":false},"featured_media":1318,"comment_status":"open","ping_status":"closed","template":"","meta":{"_kadence_starter_templates_imported_post":false,"_kad_post_transparent":"default","_kad_post_title":"","_kad_post_layout":"default","_kad_post_sidebar_id":"","_kad_post_content_style":"default","_kad_post_vertical_padding":"default","_kad_post_feature":"","_kad_post_feature_position":"","_kad_post_header":false,"_kad_post_footer":false,"_kad_post_classname":""},"product_brand":[],"product_cat":[27,28],"product_tag":[],"class_list":{"0":"post-1317","1":"product","2":"type-product","3":"status-publish","4":"has-post-thumbnail","6":"product_cat-mala-mechanizacia","7":"product_cat-zahradna-technika","9":"first","10":"instock","11":"shipping-taxable","12":"purchasable","13":"product-type-redq_rental","14":"entry","15":"content-bg","16":"loop-entry"},"_links":{"self":[{"href":"https:\/\/www.rebrent.sk\/index.php?rest_route=\/wp\/v2\/product\/1317","targetHints":{"allow":["GET"]}}],"collection":[{"href":"https:\/\/www.rebrent.sk\/index.php?rest_route=\/wp\/v2\/product"}],"about":[{"href":"https:\/\/www.rebrent.sk\/index.php?rest_route=\/wp\/v2\/types\/product"}],"replies":[{"embeddable":true,"href":"https:\/\/www.rebrent.sk\/index.php?rest_route=%2Fwp%2Fv2%2Fcomments&post=1317"}],"wp:featuredmedia":[{"embeddable":true,"href":"https:\/\/www.rebrent.sk\/index.php?rest_route=\/wp\/v2\/media\/1318"}],"wp:attachment":[{"href":"https:\/\/www.rebrent.sk\/index.php?rest_route=%2Fwp%2Fv2%2Fmedia&parent=1317"}],"wp:term":[{"taxonomy":"product_brand","embeddable":true,"href":"https:\/\/www.rebrent.sk\/index.php?rest_route=%2Fwp%2Fv2%2Fproduct_brand&post=1317"},{"taxonomy":"product_cat","embeddable":true,"href":"https:\/\/www.rebrent.sk\/index.php?rest_route=%2Fwp%2Fv2%2Fproduct_cat&post=1317"},{"taxonomy":"product_tag","embeddable":true,"href":"https:\/\/www.rebrent.sk\/index.php?rest_route=%2Fwp%2Fv2%2Fproduct_tag&post=1317"}],"curies":[{"name":"wp","href":"https:\/\/api.w.org\/{rel}","templated":true}]}}