{"id":1306,"date":"2023-09-07T23:07:17","date_gmt":"2023-09-07T21:07:17","guid":{"rendered":"https:\/\/www.rebrent.sk\/?post_type=product&#038;p=1306"},"modified":"2023-09-07T23:17:24","modified_gmt":"2023-09-07T21:17:24","slug":"bosch-gbh-240-kombinovane-kladivo-sds-plus","status":"publish","type":"product","link":"https:\/\/www.rebrent.sk\/?product=bosch-gbh-240-kombinovane-kladivo-sds-plus","title":{"rendered":"BOSCH GBH 240 kombinovan\u00e9 kladivo SDS Plus"},"content":{"rendered":"<p>V\u0155tacie kladivo <strong>Bosch GBH 240<\/strong> s v\u00fdkonn\u00fdm motorom a pr\u00edkonom 790 W a energiou \u00faderu 2,7 J.<\/p>\n<ul>\n<li>Up\u00ednanie SDS-plus pre jednoduch\u00fa v\u00fdmenu n\u00e1stroja<\/li>\n<li>Pr\u00edklepov\u00e9 v\u0155tanie do bet\u00f3nu, muriva a kame\u0148a<\/li>\n<li>V\u0155tanie bez pr\u00edklepu do dreva, kovu, keramiky a mo\u017enos\u0165 skrutkovanie &#8211; hlavi\u010dka pre n\u00e1stroje s valcovou a \u0161es\u0165hrannou stokou nie je \u0161tandardnou s\u00fa\u010das\u0165ou dod\u00e1vky<\/li>\n<li>\u013dahk\u00e9 sekacie pr\u00e1ce do muriva a \u013eah\u010den\u00fdch materi\u00e1lov s mo\u017enos\u0165ou nato\u010denia sek\u00e1\u010da pomocou funkcie Variolock<\/li>\n<li>Prav\u00fd \/ \u013eav\u00fd chod<\/li>\n<li>Gu\u013eov\u00fd \u010dap sie\u0165ovej \u0161n\u00fary pred zlomen\u00edm.<\/li>\n<li>Hlavn\u00e9 a pr\u00eddavn\u00e1 rukov\u00e4\u0165 Softgrip s m\u00e4kkou tlmiacou vlo\u017ekou pre bezpe\u010dn\u00e9 dr\u017eanie.<\/li>\n<\/ul>\n","protected":false},"excerpt":{"rendered":"<p>V\u0155tacie kladivo Bosch GBH 240 s v\u00fdkonn\u00fdm motorom a pr\u00edkonom 790 W a energiou \u00faderu 2,7 J. Up\u00ednanie SDS-plus pre jednoduch\u00fa v\u00fdmenu n\u00e1stroja Pr\u00edklepov\u00e9 v\u0155tanie do bet\u00f3nu, muriva a kame\u0148a V\u0155tanie bez pr\u00edklepu do dreva, kovu, keramiky a mo\u017enos\u0165 skrutkovanie &#8211; hlavi\u010dka pre n\u00e1stroje s valcovou a \u0161es\u0165hrannou stokou nie je \u0161tandardnou s\u00fa\u010das\u0165ou dod\u00e1vky \u013dahk\u00e9&#8230;<\/p>\n","protected":false},"featured_media":1305,"comment_status":"open","ping_status":"closed","template":"","meta":{"_kadence_starter_templates_imported_post":false,"_kad_post_transparent":"default","_kad_post_title":"","_kad_post_layout":"default","_kad_post_sidebar_id":"","_kad_post_content_style":"default","_kad_post_vertical_padding":"default","_kad_post_feature":"","_kad_post_feature_position":"","_kad_post_header":false,"_kad_post_footer":false,"_kad_post_classname":""},"product_brand":[],"product_cat":[24],"product_tag":[],"class_list":{"0":"post-1306","1":"product","2":"type-product","3":"status-publish","4":"has-post-thumbnail","6":"product_cat-rucne-naradie","8":"first","9":"instock","10":"shipping-taxable","11":"purchasable","12":"product-type-redq_rental","13":"entry","14":"content-bg","15":"loop-entry"},"_links":{"self":[{"href":"https:\/\/www.rebrent.sk\/index.php?rest_route=\/wp\/v2\/product\/1306","targetHints":{"allow":["GET"]}}],"collection":[{"href":"https:\/\/www.rebrent.sk\/index.php?rest_route=\/wp\/v2\/product"}],"about":[{"href":"https:\/\/www.rebrent.sk\/index.php?rest_route=\/wp\/v2\/types\/product"}],"replies":[{"embeddable":true,"href":"https:\/\/www.rebrent.sk\/index.php?rest_route=%2Fwp%2Fv2%2Fcomments&post=1306"}],"wp:featuredmedia":[{"embeddable":true,"href":"https:\/\/www.rebrent.sk\/index.php?rest_route=\/wp\/v2\/media\/1305"}],"wp:attachment":[{"href":"https:\/\/www.rebrent.sk\/index.php?rest_route=%2Fwp%2Fv2%2Fmedia&parent=1306"}],"wp:term":[{"taxonomy":"product_brand","embeddable":true,"href":"https:\/\/www.rebrent.sk\/index.php?rest_route=%2Fwp%2Fv2%2Fproduct_brand&post=1306"},{"taxonomy":"product_cat","embeddable":true,"href":"https:\/\/www.rebrent.sk\/index.php?rest_route=%2Fwp%2Fv2%2Fproduct_cat&post=1306"},{"taxonomy":"product_tag","embeddable":true,"href":"https:\/\/www.rebrent.sk\/index.php?rest_route=%2Fwp%2Fv2%2Fproduct_tag&post=1306"}],"curies":[{"name":"wp","href":"https:\/\/api.w.org\/{rel}","templated":true}]}}