{"id":1262,"date":"2023-05-28T22:11:33","date_gmt":"2023-05-28T20:11:33","guid":{"rendered":"https:\/\/www.rebrent.sk\/?post_type=product&#038;p=1262"},"modified":"2023-05-29T08:54:37","modified_gmt":"2023-05-29T06:54:37","slug":"rotacny-laser-rl5-14","status":"publish","type":"product","link":"https:\/\/www.rebrent.sk\/?product=rotacny-laser-rl5-14","title":{"rendered":"Rota\u010dn\u00fd laser RL5-14"},"content":{"rendered":"<p class=\"usp_text\">\u0160peci\u00e1lne ur\u010den\u00fd na vn\u00fatorn\u00e9 aj vonkaj\u0161ie pou\u017eitie. Vertik\u00e1lne aj horizont\u00e1lne zarovnanie v\u0161etky nivela\u010dn\u00fdch \u00faloh. Kompozitn\u00fd kryt vystu\u017een\u00fd sklenen\u00fdm vl\u00e1knom rob\u00ed rota\u010dn\u00fd laser RL5-14 dokonal\u00fdm na pou\u017eite na stavenisk\u00e1ch.<\/p>\n<div id=\"modelDetailFirstSingleValueAttributes\">\n<div class=\"properties\">\n<ul>\n<li style=\"list-style-type: none;\">\n<ul>\n<li>Trieda lasera: 2<\/li>\n<li>Dosah: 600 m<\/li>\n<li>Presnos\u0165 merania (na d\u013a\u017eku): 0.75 mm\/10m<\/li>\n<li>Samo nivela\u010dn\u00fd rozsah (+\/-): 6 Stupe\u0148<\/li>\n<li>Druh krytia IP: IP 67<\/li>\n<li>Typ nab\u00edjate\u013enej bat\u00e9rie \/ bat\u00e9rie: Li-lon<\/li>\n<li>Po\u010det bat\u00e9ri\u00ed: 1 KS<\/li>\n<li>Min.\/max. teplota skladovania: -20 do 70 \u00b0C<\/li>\n<\/ul>\n<\/li>\n<\/ul>\n<div id=\"mdAttributeMore\" class=\"collapse show\">\n<ul>\n<li>Min. aplika\u010dn\u00e1 teplota: -20 \u00b0C<\/li>\n<li>Min. teplota skladovania: -20 \u00b0C<\/li>\n<li>Max. aplika\u010dn\u00e1 teplota: 50 \u00b0C<\/li>\n<\/ul>\n<p><strong>Pr\u00edslu\u0161enstvo:<\/strong><\/p>\n<p>Laserov\u00fd prij\u00edma\u010d s milimetrov\u00fdm indik\u00e1torom pre rota\u010dn\u00fd laser s dr\u017eiakom na meraciu ty\u010d.<\/p>\n<p class=\"usp_text\">Zdv\u00edhac\u00ed hlin\u00edkov\u00fd stat\u00edv na vonkaj\u0161ie aj vn\u00fatorn\u00e9 pou\u017eitie. <span style=\"font-family: var(--global-body-font-family);\">D\u013a\u017eka min.\/max.: 95-269 cm<\/span><\/p>\n<p class=\"usp_text\">Hlin\u00edkov\u00e1 meracia pom\u00f4cka na vyrovn\u00e1vanie so stupnicou v milimetroch. <span style=\"font-family: var(--global-body-font-family);\">D\u013a\u017eka min.\/max.: 131-242 cm.<\/span><\/p>\n<\/div>\n<\/div>\n<\/div>\n","protected":false},"excerpt":{"rendered":"<p>\u0160peci\u00e1lne ur\u010den\u00fd na vn\u00fatorn\u00e9 aj vonkaj\u0161ie pou\u017eitie. Vertik\u00e1lne aj horizont\u00e1lne zarovnanie v\u0161etky nivela\u010dn\u00fdch \u00faloh. Kompozitn\u00fd kryt vystu\u017een\u00fd sklenen\u00fdm vl\u00e1knom rob\u00ed rota\u010dn\u00fd laser RL5-14 dokonal\u00fdm na pou\u017eite na stavenisk\u00e1ch. Trieda lasera: 2 Dosah: 600 m Presnos\u0165 merania (na d\u013a\u017eku): 0.75 mm\/10m Samo nivela\u010dn\u00fd rozsah (+\/-): 6 Stupe\u0148 Druh krytia IP: IP 67 Typ nab\u00edjate\u013enej bat\u00e9rie \/&#8230;<\/p>\n","protected":false},"featured_media":1264,"comment_status":"open","ping_status":"closed","template":"","meta":{"_kadence_starter_templates_imported_post":false,"_kad_post_transparent":"default","_kad_post_title":"","_kad_post_layout":"default","_kad_post_sidebar_id":"","_kad_post_content_style":"default","_kad_post_vertical_padding":"default","_kad_post_feature":"","_kad_post_feature_position":"","_kad_post_header":false,"_kad_post_footer":false,"_kad_post_classname":""},"product_brand":[],"product_cat":[27],"product_tag":[],"class_list":{"0":"post-1262","1":"product","2":"type-product","3":"status-publish","4":"has-post-thumbnail","6":"product_cat-mala-mechanizacia","8":"first","9":"instock","10":"shipping-taxable","11":"purchasable","12":"product-type-redq_rental","13":"entry","14":"content-bg","15":"loop-entry"},"_links":{"self":[{"href":"https:\/\/www.rebrent.sk\/index.php?rest_route=\/wp\/v2\/product\/1262","targetHints":{"allow":["GET"]}}],"collection":[{"href":"https:\/\/www.rebrent.sk\/index.php?rest_route=\/wp\/v2\/product"}],"about":[{"href":"https:\/\/www.rebrent.sk\/index.php?rest_route=\/wp\/v2\/types\/product"}],"replies":[{"embeddable":true,"href":"https:\/\/www.rebrent.sk\/index.php?rest_route=%2Fwp%2Fv2%2Fcomments&post=1262"}],"wp:featuredmedia":[{"embeddable":true,"href":"https:\/\/www.rebrent.sk\/index.php?rest_route=\/wp\/v2\/media\/1264"}],"wp:attachment":[{"href":"https:\/\/www.rebrent.sk\/index.php?rest_route=%2Fwp%2Fv2%2Fmedia&parent=1262"}],"wp:term":[{"taxonomy":"product_brand","embeddable":true,"href":"https:\/\/www.rebrent.sk\/index.php?rest_route=%2Fwp%2Fv2%2Fproduct_brand&post=1262"},{"taxonomy":"product_cat","embeddable":true,"href":"https:\/\/www.rebrent.sk\/index.php?rest_route=%2Fwp%2Fv2%2Fproduct_cat&post=1262"},{"taxonomy":"product_tag","embeddable":true,"href":"https:\/\/www.rebrent.sk\/index.php?rest_route=%2Fwp%2Fv2%2Fproduct_tag&post=1262"}],"curies":[{"name":"wp","href":"https:\/\/api.w.org\/{rel}","templated":true}]}}