{"id":1257,"date":"2023-05-28T22:06:35","date_gmt":"2023-05-28T20:06:35","guid":{"rendered":"https:\/\/www.rebrent.sk\/?post_type=product&#038;p=1257"},"modified":"2023-05-28T22:06:36","modified_gmt":"2023-05-28T20:06:36","slug":"pistol-na-striekanie-stien-wagner-powerpainter-pp90","status":"publish","type":"product","link":"https:\/\/www.rebrent.sk\/?product=pistol-na-striekanie-stien-wagner-powerpainter-pp90","title":{"rendered":"Pi\u0161to\u013e na striekanie stien Wagner PowerPainter PP90"},"content":{"rendered":"<div class=\"agp-container agp-container--full\">\n<div class=\"agp__text\">\n<p>Nep\u00e1\u010di sa v\u00e1m ma\u0165 na natretom povrchu vidite\u013en\u00e9 stopy \u0161tetca? Elektrick\u00e1 striekacia pi\u0161to\u013e Wagner v\u00e1m ur\u010dite dobre posl\u00fa\u017ei a navy\u0161e v\u00e1m tie\u017e u\u013eah\u010d\u00ed pr\u00e1cu. Pracujete bez oh\u013eadu na \u010das, ke\u010f\u017ee ju sta\u010d\u00ed len zapoji\u0165 do ktorejko\u013evek elektrickej z\u00e1suvky. V\u00fdrobca opatril striekaciu pi\u0161to\u013e na farbu d\u00fdzou s priemerom 0,019 &#8222;. Pr\u00edkon jadra pon\u00fakan\u00e9ho zariadenia predstavuje 800 W. Pri striekan\u00ed ocen\u00edte hmotnos\u0165 pi\u0161tole, ke\u010f\u017ee v\u00e1\u017ei len 23 g.<\/p>\n<\/div>\n<\/div>\n<div class=\"agp-container agp-container--full\">\n<div class=\"agp__text\">\n<h2>K\u013e\u00fa\u010dov\u00e9 prednosti striekacej pi\u0161tole Wagner PowerPainter PP90 Extra HEA Spraypack<\/h2>\n<ul>\n<li>Elektrick\u00e1 striekacia pi\u0161to\u013e v\u00e1m dok\u00e1\u017ee u\u013eah\u010di\u0165 pr\u00e1cu aj u\u0161etri\u0165 \u010das<\/li>\n<li>Ide\u00e1lna na farbu<\/li>\n<li>Striekacia pi\u0161to\u013e skvel\u00e1 na n\u00e1ro\u010dnej\u0161ie \u010dinnosti, ke\u010f\u017ee v\u00e1\u017ei len 23 g<\/li>\n<li><strong>Vybaven\u00e1 d\u00fdzou s priemerom\u00a0<\/strong><strong>0,019 &#8222;<\/strong><\/li>\n<li>Pr\u00edkon srdca pr\u00edstroja dosahuje 800 W<\/li>\n<\/ul>\n<div class=\"groupx\">\n<h3><span style=\"font-family: var(--global-body-font-family); font-size: 16px; font-weight: normal;\">Hmotnos\u0165 <\/span><span style=\"font-family: var(--global-body-font-family); font-size: 16px; font-weight: normal;\">\u00a0<\/span><span class=\"value\" style=\"font-family: var(--global-body-font-family); font-size: 16px; font-weight: normal;\">23 g<\/span><\/h3>\n<h3><span style=\"font-family: var(--global-body-font-family); font-size: 16px; font-weight: normal;\">Typ <\/span><span class=\"value\" style=\"font-family: var(--global-body-font-family); font-size: 16px; font-weight: normal;\">Elektrick\u00e1<\/span><\/h3>\n<\/div>\n<div class=\"groupx\">\n<div class=\"groupValues\">\n<div class=\"row\"><span style=\"font-family: var(--global-body-font-family);\">Priemer d\u00fdzy <\/span><span style=\"font-family: var(--global-body-font-family);\">\u00a0<\/span><span class=\"value\" style=\"font-family: var(--global-body-font-family);\">0,02&#8243;<\/span><\/div>\n<div class=\"row\">\n<div class=\"cell1\">\n<div class=\"name typeName first\">Ur\u010denie <span style=\"font-family: var(--global-body-font-family);\">\u00a0<\/span><span class=\"value\" style=\"font-family: var(--global-body-font-family);\">Na farbu<\/span><\/div>\n<\/div>\n<\/div>\n<\/div>\n<\/div>\n<div class=\"groupx\">\n<h3><span style=\"font-family: var(--global-body-font-family); font-size: 16px; font-weight: normal;\">Ur\u010denie <\/span>\u00a0<span class=\"value\" style=\"font-family: var(--global-body-font-family); font-size: 16px; font-weight: normal;\">Na maliarske farby<\/span><\/h3>\n<\/div>\n<div class=\"groupx\">\n<h3><span style=\"font-family: var(--global-body-font-family); font-size: 16px; font-weight: normal;\">Pr\u00edkon <\/span>\u00a0<span class=\"value\" style=\"font-family: var(--global-body-font-family); font-size: 16px; font-weight: normal;\">800 W<\/span><\/h3>\n<\/div>\n<\/div>\n<\/div>\n","protected":false},"excerpt":{"rendered":"<p>Nep\u00e1\u010di sa v\u00e1m ma\u0165 na natretom povrchu vidite\u013en\u00e9 stopy \u0161tetca? Elektrick\u00e1 striekacia pi\u0161to\u013e Wagner v\u00e1m ur\u010dite dobre posl\u00fa\u017ei a navy\u0161e v\u00e1m tie\u017e u\u013eah\u010d\u00ed pr\u00e1cu. Pracujete bez oh\u013eadu na \u010das, ke\u010f\u017ee ju sta\u010d\u00ed len zapoji\u0165 do ktorejko\u013evek elektrickej z\u00e1suvky. V\u00fdrobca opatril striekaciu pi\u0161to\u013e na farbu d\u00fdzou s priemerom 0,019 &#8222;. Pr\u00edkon jadra pon\u00fakan\u00e9ho zariadenia predstavuje 800&#8230;<\/p>\n","protected":false},"featured_media":1258,"comment_status":"open","ping_status":"closed","template":"","meta":{"_kadence_starter_templates_imported_post":false,"_kad_post_transparent":"default","_kad_post_title":"","_kad_post_layout":"default","_kad_post_sidebar_id":"","_kad_post_content_style":"default","_kad_post_vertical_padding":"default","_kad_post_feature":"","_kad_post_feature_position":"","_kad_post_header":false,"_kad_post_footer":false,"_kad_post_classname":""},"product_brand":[],"product_cat":[24],"product_tag":[],"class_list":{"0":"post-1257","1":"product","2":"type-product","3":"status-publish","4":"has-post-thumbnail","6":"product_cat-rucne-naradie","8":"first","9":"instock","10":"shipping-taxable","11":"purchasable","12":"product-type-redq_rental","13":"entry","14":"content-bg","15":"loop-entry"},"_links":{"self":[{"href":"https:\/\/www.rebrent.sk\/index.php?rest_route=\/wp\/v2\/product\/1257","targetHints":{"allow":["GET"]}}],"collection":[{"href":"https:\/\/www.rebrent.sk\/index.php?rest_route=\/wp\/v2\/product"}],"about":[{"href":"https:\/\/www.rebrent.sk\/index.php?rest_route=\/wp\/v2\/types\/product"}],"replies":[{"embeddable":true,"href":"https:\/\/www.rebrent.sk\/index.php?rest_route=%2Fwp%2Fv2%2Fcomments&post=1257"}],"wp:featuredmedia":[{"embeddable":true,"href":"https:\/\/www.rebrent.sk\/index.php?rest_route=\/wp\/v2\/media\/1258"}],"wp:attachment":[{"href":"https:\/\/www.rebrent.sk\/index.php?rest_route=%2Fwp%2Fv2%2Fmedia&parent=1257"}],"wp:term":[{"taxonomy":"product_brand","embeddable":true,"href":"https:\/\/www.rebrent.sk\/index.php?rest_route=%2Fwp%2Fv2%2Fproduct_brand&post=1257"},{"taxonomy":"product_cat","embeddable":true,"href":"https:\/\/www.rebrent.sk\/index.php?rest_route=%2Fwp%2Fv2%2Fproduct_cat&post=1257"},{"taxonomy":"product_tag","embeddable":true,"href":"https:\/\/www.rebrent.sk\/index.php?rest_route=%2Fwp%2Fv2%2Fproduct_tag&post=1257"}],"curies":[{"name":"wp","href":"https:\/\/api.w.org\/{rel}","templated":true}]}}