{"id":1252,"date":"2023-05-28T21:44:26","date_gmt":"2023-05-28T19:44:26","guid":{"rendered":"https:\/\/www.rebrent.sk\/?post_type=product&#038;p=1252"},"modified":"2023-06-09T09:56:01","modified_gmt":"2023-06-09T07:56:01","slug":"heron-elektrocentrala-1-fazova-s-podvozkom-a-elektrickym-startom-75kw","status":"publish","type":"product","link":"https:\/\/www.rebrent.sk\/?product=heron-elektrocentrala-1-fazova-s-podvozkom-a-elektrickym-startom-75kw","title":{"rendered":"Elektrocentr\u00e1la 1-f\u00e1zov\u00e1 s podvozkom a elektrick\u00fdm \u0161tartom 7,5kW"},"content":{"rendered":"<p>Elektrocentr\u00e1la je ur\u010den\u00e1 pre pou\u017e\u00edvanie v stavebn\u00edctve a pri mont\u00e1\u017enych pr\u00e1cach, ale taktie\u017e ako z\u00e1lo\u017en\u00fd zdroj elektrickej energie pre mobiln\u00e9 servisn\u00e9 stredisk\u00e1 a rekrea\u010dn\u00e9 \u00fa\u010dely. Stroj je vybaven\u00fd jednotkou AVR, ktor\u00e1 kontroluje a stabilizuje v\u00fd\u0161ku v\u00fdstupn\u00e9ho nap\u00e4tia. Sklopn\u00e9 madlo a pevn\u00e9 gumov\u00e9 koles\u00e1, ktor\u00e9 s\u00fa s\u00fa\u010das\u0165ou dod\u00e1vky, umo\u017e\u0148uj\u00fa \u013eahk\u00fd prevoz elektrocentr\u00e1ly na miesto pou\u017eitia. Centr\u00e1la je vybaven\u00e1 tromi 16A a jednou 32A z\u00e1suvkou na 230V, ktor\u00e9 umo\u017e\u0148uj\u00fa pripoji\u0165 be\u017en\u00e9 spotrebi\u010de, ale aj spotrebi\u010de s vysok\u00fdm odberom (a\u017e 7,5 kW) ako napr. zv\u00e1racie invertory, stolov\u00e9 p\u00edly, v\u00e4\u010d\u0161ie kompresory a pod. Pomocou 12V z\u00e1suvky s jednosmern\u00fdm nap\u00e4t\u00edm a nap\u00e1jac\u00edmi k\u00e1blami, ktor\u00e9 s\u00fa s\u00fa\u010das\u0165ou pr\u00edslu\u0161enstva, je mo\u017en\u00e9 elektrocentr\u00e1lou dob\u00edja\u0165 12V autobat\u00e9rie. V\u010faka elektrick\u00e9mu \u0161tartu na\u0161tartujete a vypnete centr\u00e1lu stla\u010den\u00edm tla\u010didla jedn\u00fdm prstom. \u0160tart zabezpe\u010duje AGM bez\u00fadr\u017ebov\u00e1 bat\u00e9ria s dlhou \u017eivotnos\u0165ou dob\u00edjan\u00e1 po\u010das prev\u00e1dzky elektrocentr\u00e1ly. Motor je vybaven\u00fd nov\u00fdm typom v\u00fdfuku s ni\u017e\u0161ou hlu\u010dnos\u0165ou a pr\u00edjemnej\u0161\u00edm zvukom.<\/p>\n<ul>\n<li>sklopn\u00e9 madlo a pevn\u00e9 gumov\u00e9 koles\u00e1 pre \u013eahk\u00fa manipul\u00e1ciu<\/li>\n<li>3x16A a\u00a01x32A z\u00e1suvka pre pripojenie 230V spotrebi\u010dov s\u00a0pr\u00edkonom a\u017e 7,5 kW<\/li>\n<li>digit\u00e1lny multifunk\u010dn\u00fd mera\u010d<\/li>\n<li>regul\u00e1cia v\u00fdstupn\u00e9ho nap\u00e4tia syst\u00e9mom AVR chr\u00e1ni elektrospotrebi\u010de pred po\u0161koden\u00edm<\/li>\n<li>ni\u017e\u0161ia hlu\u010dnos\u0165 v\u010faka nov\u00e9mu typu v\u00fdfuku<\/li>\n<li>elektrick\u00fd \u0161tart elektrocentr\u00e1ly zais\u0165uje AGM bez\u00fadr\u017ebov\u00e1 bat\u00e9ria<\/li>\n<\/ul>\n<h2>Technick\u00e1 \u0161pecifik\u00e1cia<\/h2>\n<div class=\"row\">\n<div class=\"col-lg-60 product__content__section--left\">\n<table class=\"table table-striped\">\n<tbody>\n<tr class=\"table-head\">\n<td>\n<h4>v\u00fdkon<\/h4>\n<\/td>\n<\/tr>\n<tr>\n<td>max. v\u00fdkon:<\/td>\n<td>8,2 kW<\/td>\n<\/tr>\n<tr>\n<td>menovit\u00fd v\u00fdkon:<\/td>\n<td>7,5 kW<\/td>\n<\/tr>\n<tr class=\"table-head\">\n<td>\n<h4>parametre<\/h4>\n<\/td>\n<\/tr>\n<tr>\n<td>nap\u00e4tie:<\/td>\n<td>230 V<\/td>\n<\/tr>\n<tr>\n<td>frekvencia:<\/td>\n<td>50 Hz<\/td>\n<\/tr>\n<tr>\n<td>po\u010det f\u00e1z:<\/td>\n<td>1<\/td>\n<\/tr>\n<tr>\n<td>typ motora:<\/td>\n<td>4 takt<\/td>\n<\/tr>\n<tr>\n<td>\u00fa\u010dinn\u00edk:<\/td>\n<td>1<\/td>\n<\/tr>\n<tr>\n<td>palivo:<\/td>\n<td>benz\u00edn<\/td>\n<\/tr>\n<tr>\n<td>po\u010det valcov:<\/td>\n<td>1<\/td>\n<\/tr>\n<tr>\n<td>obsah:<\/td>\n<td>460 ccm<\/td>\n<\/tr>\n<tr>\n<td>\u0161tartovanie:<\/td>\n<td>ru\u010dn\u00e9 a elektrick\u00e9<\/td>\n<\/tr>\n<tr>\n<td>max. v\u00fdkon motora 4000\/min:<\/td>\n<td>12,6\/17 kW\/HP<\/td>\n<\/tr>\n<tr>\n<td>AC menovit\u00fd pr\u00fad:<\/td>\n<td>32,6A\/230V<\/td>\n<\/tr>\n<tr>\n<td>DC menovit\u00fd pr\u00fad:<\/td>\n<td>8,3A\/12V<\/td>\n<\/tr>\n<tr>\n<td>objem n\u00e1dr\u017ee:<\/td>\n<td>28 litrov<\/td>\n<\/tr>\n<tr>\n<td>spotreba pri 75% za\u0165a\u017een\u00ed:<\/td>\n<td>0,5 l\/kWh<\/td>\n<\/tr>\n<tr class=\"table-head\">\n<td>\n<h4>rozmery<\/h4>\n<\/td>\n<\/tr>\n<tr>\n<td>hmotnos\u0165:<\/td>\n<td>100 kg<\/td>\n<\/tr>\n<tr class=\"table-head\">\n<td>\n<h4>vybavenie<\/h4>\n<\/td>\n<\/tr>\n<tr>\n<td>AVR:<\/td>\n<td>\u00e1no<\/td>\n<\/tr>\n<tr>\n<td>Voltmeter:<\/td>\n<td>nie<\/td>\n<\/tr>\n<tr>\n<td>Oil Control:<\/td>\n<td>\u00e1no<\/td>\n<\/tr>\n<tr>\n<td>Ukazovate\u013e paliva:<\/td>\n<td>\u00e1no<\/td>\n<\/tr>\n<tr>\n<td>Po\u010d\u00edtadlo motohod\u00edn:<\/td>\n<td>\u00e1no<\/td>\n<\/tr>\n<tr>\n<td>vidlica na 230V:<\/td>\n<td>nie<\/td>\n<\/tr>\n<tr>\n<td>k\u013e\u00fa\u010d na svie\u010dku:<\/td>\n<td>\u00e1no<\/td>\n<\/tr>\n<tr>\n<td>k\u00e1bel so svorkami k 12V z\u00e1suvke:<\/td>\n<td>\u00e1no<\/td>\n<\/tr>\n<tr>\n<td>akumul\u00e1tor:<\/td>\n<td>\u00e1no<\/td>\n<\/tr>\n<\/tbody>\n<\/table>\n<\/div>\n<\/div>\n","protected":false},"excerpt":{"rendered":"<p>Elektrocentr\u00e1la je ur\u010den\u00e1 pre pou\u017e\u00edvanie v stavebn\u00edctve a pri mont\u00e1\u017enych pr\u00e1cach, ale taktie\u017e ako z\u00e1lo\u017en\u00fd zdroj elektrickej energie pre mobiln\u00e9 servisn\u00e9 stredisk\u00e1 a rekrea\u010dn\u00e9 \u00fa\u010dely. Stroj je vybaven\u00fd jednotkou AVR, ktor\u00e1 kontroluje a stabilizuje v\u00fd\u0161ku v\u00fdstupn\u00e9ho nap\u00e4tia. Sklopn\u00e9 madlo a pevn\u00e9 gumov\u00e9 koles\u00e1, ktor\u00e9 s\u00fa s\u00fa\u010das\u0165ou dod\u00e1vky, umo\u017e\u0148uj\u00fa \u013eahk\u00fd prevoz elektrocentr\u00e1ly na miesto pou\u017eitia. Centr\u00e1la&#8230;<\/p>\n","protected":false},"featured_media":1253,"comment_status":"open","ping_status":"closed","template":"","meta":{"_kadence_starter_templates_imported_post":false,"_kad_post_transparent":"default","_kad_post_title":"","_kad_post_layout":"default","_kad_post_sidebar_id":"","_kad_post_content_style":"default","_kad_post_vertical_padding":"default","_kad_post_feature":"","_kad_post_feature_position":"","_kad_post_header":false,"_kad_post_footer":false,"_kad_post_classname":""},"product_brand":[],"product_cat":[27],"product_tag":[],"class_list":{"0":"post-1252","1":"product","2":"type-product","3":"status-publish","4":"has-post-thumbnail","6":"product_cat-mala-mechanizacia","8":"first","9":"instock","10":"shipping-taxable","11":"purchasable","12":"product-type-redq_rental","13":"entry","14":"content-bg","15":"loop-entry"},"_links":{"self":[{"href":"https:\/\/www.rebrent.sk\/index.php?rest_route=\/wp\/v2\/product\/1252","targetHints":{"allow":["GET"]}}],"collection":[{"href":"https:\/\/www.rebrent.sk\/index.php?rest_route=\/wp\/v2\/product"}],"about":[{"href":"https:\/\/www.rebrent.sk\/index.php?rest_route=\/wp\/v2\/types\/product"}],"replies":[{"embeddable":true,"href":"https:\/\/www.rebrent.sk\/index.php?rest_route=%2Fwp%2Fv2%2Fcomments&post=1252"}],"wp:featuredmedia":[{"embeddable":true,"href":"https:\/\/www.rebrent.sk\/index.php?rest_route=\/wp\/v2\/media\/1253"}],"wp:attachment":[{"href":"https:\/\/www.rebrent.sk\/index.php?rest_route=%2Fwp%2Fv2%2Fmedia&parent=1252"}],"wp:term":[{"taxonomy":"product_brand","embeddable":true,"href":"https:\/\/www.rebrent.sk\/index.php?rest_route=%2Fwp%2Fv2%2Fproduct_brand&post=1252"},{"taxonomy":"product_cat","embeddable":true,"href":"https:\/\/www.rebrent.sk\/index.php?rest_route=%2Fwp%2Fv2%2Fproduct_cat&post=1252"},{"taxonomy":"product_tag","embeddable":true,"href":"https:\/\/www.rebrent.sk\/index.php?rest_route=%2Fwp%2Fv2%2Fproduct_tag&post=1252"}],"curies":[{"name":"wp","href":"https:\/\/api.w.org\/{rel}","templated":true}]}}