{"id":1249,"date":"2023-05-28T21:37:41","date_gmt":"2023-05-28T19:37:41","guid":{"rendered":"https:\/\/www.rebrent.sk\/?post_type=product&#038;p=1249"},"modified":"2024-02-22T19:27:17","modified_gmt":"2024-02-22T18:27:17","slug":"plosina-nifty-4x4","status":"publish","type":"product","link":"https:\/\/www.rebrent.sk\/?product=plosina-nifty-4x4","title":{"rendered":"Pohybliv\u00e1 pracovan\u00e1 plo\u0161ina NiftyLift HR21D 4WD"},"content":{"rendered":"<p>Pohybliv\u00e1 pracovan\u00e1 plo\u0161ina NiftyLift HR21D 4WD<\/p>\n<p>\u2013 18,66 m \u2013maxim\u00e1lna pracovn\u00e1 v\u00fd\u0161ka<br \/>\n\u2013 20,66 m &#8211; maxim\u00e1lna v\u00fd\u0161ka plo\u0161iny<br \/>\n\u2013 227 kg \u2013 nosnos\u0165 plo\u0161iny<br \/>\n\u2013 2006 &#8211; rok v\u00fdroby<br \/>\n\u2013 pohon &#8211;\u00a0 4&#215;4<br \/>\n\u2013 palivo &#8211; diesel<br \/>\n\u2013 Oto\u010dn\u00e9 predn\u00e9 koles\u00e1<br \/>\n\u2013 Sn\u00edma\u010d vych\u00fdlenia so zvukov\u00fdm alarmom<br \/>\n\u2013 Klaks\u00f3n<br \/>\n\u2013 Tla\u010didlo STOP na dvoch ovl\u00e1dac\u00edch paneloch<br \/>\n\u2013 mo\u017enos\u0165 ovl\u00e1da\u0165 plo\u0161inu priamo z ko\u0161a alebo zo zeme<br \/>\n\u2013 Indik\u00e1tor n\u00edzkej hladiny paliva<br \/>\n\u2013 Pln\u00e9, liate koles\u00e1<\/p>\n","protected":false},"excerpt":{"rendered":"<p>Pohybliv\u00e1 pracovan\u00e1 plo\u0161ina NiftyLift HR21D 4WD \u2013 18,66 m \u2013maxim\u00e1lna pracovn\u00e1 v\u00fd\u0161ka \u2013 20,66 m &#8211; maxim\u00e1lna v\u00fd\u0161ka plo\u0161iny \u2013 227 kg \u2013 nosnos\u0165 plo\u0161iny \u2013 2006 &#8211; rok v\u00fdroby \u2013 pohon &#8211;\u00a0 4&#215;4 \u2013 palivo &#8211; diesel \u2013 Oto\u010dn\u00e9 predn\u00e9 koles\u00e1 \u2013 Sn\u00edma\u010d vych\u00fdlenia so zvukov\u00fdm alarmom \u2013 Klaks\u00f3n \u2013 Tla\u010didlo STOP na dvoch&#8230;<\/p>\n","protected":false},"featured_media":1356,"comment_status":"open","ping_status":"closed","template":"","meta":{"_kadence_starter_templates_imported_post":false,"_kad_post_transparent":"default","_kad_post_title":"","_kad_post_layout":"default","_kad_post_sidebar_id":"","_kad_post_content_style":"default","_kad_post_vertical_padding":"default","_kad_post_feature":"","_kad_post_feature_position":"","_kad_post_header":false,"_kad_post_footer":false,"_kad_post_classname":""},"product_brand":[],"product_cat":[26],"product_tag":[],"class_list":{"0":"post-1249","1":"product","2":"type-product","3":"status-publish","4":"has-post-thumbnail","6":"product_cat-vysokozdvizne-pracovne-plosiny","8":"first","9":"instock","10":"shipping-taxable","11":"purchasable","12":"product-type-redq_rental","13":"entry","14":"content-bg","15":"loop-entry"},"_links":{"self":[{"href":"https:\/\/www.rebrent.sk\/index.php?rest_route=\/wp\/v2\/product\/1249","targetHints":{"allow":["GET"]}}],"collection":[{"href":"https:\/\/www.rebrent.sk\/index.php?rest_route=\/wp\/v2\/product"}],"about":[{"href":"https:\/\/www.rebrent.sk\/index.php?rest_route=\/wp\/v2\/types\/product"}],"replies":[{"embeddable":true,"href":"https:\/\/www.rebrent.sk\/index.php?rest_route=%2Fwp%2Fv2%2Fcomments&post=1249"}],"wp:featuredmedia":[{"embeddable":true,"href":"https:\/\/www.rebrent.sk\/index.php?rest_route=\/wp\/v2\/media\/1356"}],"wp:attachment":[{"href":"https:\/\/www.rebrent.sk\/index.php?rest_route=%2Fwp%2Fv2%2Fmedia&parent=1249"}],"wp:term":[{"taxonomy":"product_brand","embeddable":true,"href":"https:\/\/www.rebrent.sk\/index.php?rest_route=%2Fwp%2Fv2%2Fproduct_brand&post=1249"},{"taxonomy":"product_cat","embeddable":true,"href":"https:\/\/www.rebrent.sk\/index.php?rest_route=%2Fwp%2Fv2%2Fproduct_cat&post=1249"},{"taxonomy":"product_tag","embeddable":true,"href":"https:\/\/www.rebrent.sk\/index.php?rest_route=%2Fwp%2Fv2%2Fproduct_tag&post=1249"}],"curies":[{"name":"wp","href":"https:\/\/api.w.org\/{rel}","templated":true}]}}